{"id":1118,"date":"2023-10-09T08:25:40","date_gmt":"2023-10-09T08:25:40","guid":{"rendered":"https:\/\/vossindustry.dk\/?page_id=1118"},"modified":"2024-01-30T07:43:27","modified_gmt":"2024-01-30T07:43:27","slug":"springs-and-wirecoils","status":"publish","type":"page","link":"https:\/\/vossindustry.dk\/en\/springs-and-wirecoils\/","title":{"rendered":"Springs and Wirecoils"},"content":{"rendered":"<div data-elementor-type=\"wp-page\" data-elementor-id=\"1118\" class=\"elementor elementor-1118\" data-elementor-post-type=\"page\">\n\t\t\t\t\t\t<section class=\"elementor-section elementor-top-section elementor-element elementor-element-5116ab3 elementor-section-boxed elementor-section-height-default elementor-section-height-default\" data-id=\"5116ab3\" data-element_type=\"section\" data-e-type=\"section\" data-settings=\"{&quot;background_background&quot;:&quot;classic&quot;}\">\n\t\t\t\t\t\t\t<div class=\"elementor-background-overlay\"><\/div>\n\t\t\t\t\t\t\t<div class=\"elementor-container elementor-column-gap-default\">\n\t\t\t\t\t<div class=\"elementor-column elementor-col-100 elementor-top-column elementor-element elementor-element-bba6d63\" data-id=\"bba6d63\" data-element_type=\"column\" data-e-type=\"column\">\n\t\t\t<div class=\"elementor-widget-wrap elementor-element-populated\">\n\t\t\t\t\t\t<section class=\"elementor-section elementor-inner-section elementor-element elementor-element-3a44e7a elementor-section-boxed elementor-section-height-default elementor-section-height-default\" data-id=\"3a44e7a\" data-element_type=\"section\" data-e-type=\"section\">\n\t\t\t\t\t\t<div class=\"elementor-container elementor-column-gap-default\">\n\t\t\t\t\t<div class=\"elementor-column elementor-col-100 elementor-inner-column elementor-element elementor-element-470d078\" data-id=\"470d078\" data-element_type=\"column\" data-e-type=\"column\">\n\t\t\t<div class=\"elementor-widget-wrap elementor-element-populated\">\n\t\t\t\t\t\t<div class=\"elementor-element elementor-element-f377c11 elementor-widget elementor-widget-heading\" data-id=\"f377c11\" data-element_type=\"widget\" data-e-type=\"widget\" data-widget_type=\"heading.default\">\n\t\t\t\t<div class=\"elementor-widget-container\">\n\t\t\t\t\t<h1 class=\"elementor-heading-title elementor-size-default\">Springs and spools of thread<\/h1>\t\t\t\t<\/div>\n\t\t\t\t<\/div>\n\t\t\t\t\t<\/div>\n\t\t<\/div>\n\t\t\t\t\t<\/div>\n\t\t<\/section>\n\t\t\t\t\t<\/div>\n\t\t<\/div>\n\t\t\t\t\t<\/div>\n\t\t<\/section>\n\t\t\t\t<section class=\"elementor-section elementor-top-section elementor-element elementor-element-267b1e77 elementor-section-height-min-height elementor-section-boxed elementor-section-height-default elementor-section-items-middle\" data-id=\"267b1e77\" data-element_type=\"section\" data-e-type=\"section\" data-settings=\"{&quot;background_background&quot;:&quot;classic&quot;}\">\n\t\t\t\t\t\t<div class=\"elementor-container elementor-column-gap-default\">\n\t\t\t\t\t<div class=\"elementor-column elementor-col-100 elementor-top-column elementor-element elementor-element-2871c66d\" data-id=\"2871c66d\" data-element_type=\"column\" data-e-type=\"column\">\n\t\t\t<div class=\"elementor-widget-wrap elementor-element-populated\">\n\t\t\t\t\t\t<section class=\"elementor-section elementor-inner-section elementor-element elementor-element-5c929abc elementor-section-boxed elementor-section-height-default elementor-section-height-default\" data-id=\"5c929abc\" data-element_type=\"section\" data-e-type=\"section\">\n\t\t\t\t\t\t<div class=\"elementor-container elementor-column-gap-default\">\n\t\t\t\t\t<div class=\"elementor-column elementor-col-33 elementor-inner-column elementor-element elementor-element-1257492\" data-id=\"1257492\" data-element_type=\"column\" data-e-type=\"column\">\n\t\t\t<div class=\"elementor-widget-wrap elementor-element-populated\">\n\t\t\t\t\t\t<div class=\"elementor-element elementor-element-7541a976 elementor-widget elementor-widget-heading\" data-id=\"7541a976\" data-element_type=\"widget\" data-e-type=\"widget\" data-widget_type=\"heading.default\">\n\t\t\t\t<div class=\"elementor-widget-container\">\n\t\t\t\t\t<h2 class=\"elementor-heading-title elementor-size-default\">Springs and spools of thread<\/h2>\t\t\t\t<\/div>\n\t\t\t\t<\/div>\n\t\t\t\t<div class=\"elementor-element elementor-element-4a45800d elementor-widget-divider--view-line elementor-widget elementor-widget-divider\" data-id=\"4a45800d\" data-element_type=\"widget\" data-e-type=\"widget\" data-widget_type=\"divider.default\">\n\t\t\t\t<div class=\"elementor-widget-container\">\n\t\t\t\t\t\t\t<div class=\"elementor-divider\">\n\t\t\t<span class=\"elementor-divider-separator\">\n\t\t\t\t\t\t<\/span>\n\t\t<\/div>\n\t\t\t\t\t\t<\/div>\n\t\t\t\t<\/div>\n\t\t\t\t<div class=\"elementor-element elementor-element-9a1e88a elementor-widget elementor-widget-button\" data-id=\"9a1e88a\" data-element_type=\"widget\" data-e-type=\"widget\" data-widget_type=\"button.default\">\n\t\t\t\t<div class=\"elementor-widget-container\">\n\t\t\t\t\t\t\t\t\t<div class=\"elementor-button-wrapper\">\n\t\t\t\t\t<a class=\"elementor-button elementor-button-link elementor-size-sm\" href=\"https:\/\/vossindustry.dk\/en\/om-os\/\">\n\t\t\t\t\t\t<span class=\"elementor-button-content-wrapper\">\n\t\t\t\t\t\t\t\t\t<span class=\"elementor-button-text\">Read more about us<\/span>\n\t\t\t\t\t<\/span>\n\t\t\t\t\t<\/a>\n\t\t\t\t<\/div>\n\t\t\t\t\t\t\t\t<\/div>\n\t\t\t\t<\/div>\n\t\t\t\t\t<\/div>\n\t\t<\/div>\n\t\t\t\t<div class=\"elementor-column elementor-col-33 elementor-inner-column elementor-element elementor-element-eb6a7ee\" data-id=\"eb6a7ee\" data-element_type=\"column\" data-e-type=\"column\">\n\t\t\t<div class=\"elementor-widget-wrap elementor-element-populated\">\n\t\t\t\t\t\t<div class=\"elementor-element elementor-element-4d5e2c63 elementor-widget elementor-widget-text-editor\" data-id=\"4d5e2c63\" data-element_type=\"widget\" data-e-type=\"widget\" data-widget_type=\"text-editor.default\">\n\t\t\t\t<div class=\"elementor-widget-container\">\n\t\t\t\t\t\t\t\t\t<p>The springs are made of stainless wire and nitinol. They can be supplied with a surface treatment. See below which options are available.<\/p>\t\t\t\t\t\t\t\t<\/div>\n\t\t\t\t<\/div>\n\t\t\t\t\t<\/div>\n\t\t<\/div>\n\t\t\t\t<div class=\"elementor-column elementor-col-33 elementor-inner-column elementor-element elementor-element-5dc6da5d\" data-id=\"5dc6da5d\" data-element_type=\"column\" data-e-type=\"column\">\n\t\t\t<div class=\"elementor-widget-wrap elementor-element-populated\">\n\t\t\t\t\t\t<div class=\"elementor-element elementor-element-d04bad6 elementor-widget elementor-widget-heading\" data-id=\"d04bad6\" data-element_type=\"widget\" data-e-type=\"widget\" data-widget_type=\"heading.default\">\n\t\t\t\t<div class=\"elementor-widget-container\">\n\t\t\t\t\t<h2 class=\"elementor-heading-title elementor-size-default\">Do you need help?\n<\/h2>\t\t\t\t<\/div>\n\t\t\t\t<\/div>\n\t\t\t\t<div class=\"elementor-element elementor-element-f80016b elementor-widget elementor-widget-text-editor\" data-id=\"f80016b\" data-element_type=\"widget\" data-e-type=\"widget\" data-widget_type=\"text-editor.default\">\n\t\t\t\t<div class=\"elementor-widget-container\">\n\t\t\t\t\t\t\t\t\t<p>We are ready to help you solve your task.<\/p>\t\t\t\t\t\t\t\t<\/div>\n\t\t\t\t<\/div>\n\t\t\t\t<div class=\"elementor-element elementor-element-dda80c6 elementor-list-item-link-inline elementor-icon-list--layout-traditional elementor-widget elementor-widget-icon-list\" data-id=\"dda80c6\" data-element_type=\"widget\" data-e-type=\"widget\" data-widget_type=\"icon-list.default\">\n\t\t\t\t<div class=\"elementor-widget-container\">\n\t\t\t\t\t\t\t<ul class=\"elementor-icon-list-items\">\n\t\t\t\t\t\t\t<li class=\"elementor-icon-list-item\">\n\t\t\t\t\t\t\t\t\t\t\t<a href=\"tel:%2059%2016%2035%2000\">\n\n\t\t\t\t\t\t\t\t\t\t\t\t<span class=\"elementor-icon-list-icon\">\n\t\t\t\t\t\t\t<i aria-hidden=\"true\" class=\"fas fa-phone-alt\"><\/i>\t\t\t\t\t\t<\/span>\n\t\t\t\t\t\t\t\t\t\t<span class=\"elementor-icon-list-text\">59 16 35 00<\/span>\n\t\t\t\t\t\t\t\t\t\t\t<\/a>\n\t\t\t\t\t\t\t\t\t<\/li>\n\t\t\t\t\t\t\t\t<li class=\"elementor-icon-list-item\">\n\t\t\t\t\t\t\t\t\t\t\t<a href=\"mailto:%20info@vossindustry.dk\">\n\n\t\t\t\t\t\t\t\t\t\t\t\t<span class=\"elementor-icon-list-icon\">\n\t\t\t\t\t\t\t<i aria-hidden=\"true\" class=\"fas fa-envelope\"><\/i>\t\t\t\t\t\t<\/span>\n\t\t\t\t\t\t\t\t\t\t<span class=\"elementor-icon-list-text\">info@vossindustry.dk<\/span>\n\t\t\t\t\t\t\t\t\t\t\t<\/a>\n\t\t\t\t\t\t\t\t\t<\/li>\n\t\t\t\t\t\t<\/ul>\n\t\t\t\t\t\t<\/div>\n\t\t\t\t<\/div>\n\t\t\t\t\t<\/div>\n\t\t<\/div>\n\t\t\t\t\t<\/div>\n\t\t<\/section>\n\t\t\t\t\t<\/div>\n\t\t<\/div>\n\t\t\t\t\t<\/div>\n\t\t<\/section>\n\t\t\t\t<section class=\"elementor-section elementor-top-section elementor-element elementor-element-e41d6a0 elementor-section-height-min-height elementor-section-boxed elementor-section-height-default elementor-section-items-middle\" data-id=\"e41d6a0\" data-element_type=\"section\" data-e-type=\"section\" data-settings=\"{&quot;background_background&quot;:&quot;classic&quot;}\">\n\t\t\t\t\t\t<div class=\"elementor-container elementor-column-gap-default\">\n\t\t\t\t\t<div class=\"elementor-column elementor-col-100 elementor-top-column elementor-element elementor-element-f0c7471\" data-id=\"f0c7471\" data-element_type=\"column\" data-e-type=\"column\">\n\t\t\t<div class=\"elementor-widget-wrap elementor-element-populated\">\n\t\t\t\t\t\t<section class=\"elementor-section elementor-inner-section elementor-element elementor-element-d574e24 elementor-section-boxed elementor-section-height-default elementor-section-height-default\" data-id=\"d574e24\" data-element_type=\"section\" data-e-type=\"section\">\n\t\t\t\t\t\t<div class=\"elementor-container elementor-column-gap-wider\">\n\t\t\t\t\t<div class=\"elementor-column elementor-col-50 elementor-inner-column elementor-element elementor-element-90ccbd4\" data-id=\"90ccbd4\" data-element_type=\"column\" data-e-type=\"column\">\n\t\t\t<div class=\"elementor-widget-wrap elementor-element-populated\">\n\t\t\t\t\t\t<div class=\"elementor-element elementor-element-33a048e elementor-widget elementor-widget-image\" data-id=\"33a048e\" data-element_type=\"widget\" data-e-type=\"widget\" data-widget_type=\"image.default\">\n\t\t\t\t<div class=\"elementor-widget-container\">\n\t\t\t\t\t\t\t\t\t\t\t\t\t\t\t<img fetchpriority=\"high\" decoding=\"async\" width=\"800\" height=\"607\" src=\"https:\/\/vossindustry.dk\/wp-content\/uploads\/2023\/10\/Fjedre-under-kompetencer-1024x777.jpg\" class=\"attachment-large size-large wp-image-1121\" alt=\"\" srcset=\"https:\/\/vossindustry.dk\/wp-content\/uploads\/2023\/10\/Fjedre-under-kompetencer-1024x777.jpg 1024w, https:\/\/vossindustry.dk\/wp-content\/uploads\/2023\/10\/Fjedre-under-kompetencer-300x228.jpg 300w, https:\/\/vossindustry.dk\/wp-content\/uploads\/2023\/10\/Fjedre-under-kompetencer-768x583.jpg 768w, https:\/\/vossindustry.dk\/wp-content\/uploads\/2023\/10\/Fjedre-under-kompetencer-1536x1166.jpg 1536w, https:\/\/vossindustry.dk\/wp-content\/uploads\/2023\/10\/Fjedre-under-kompetencer-2048x1554.jpg 2048w\" sizes=\"(max-width: 800px) 100vw, 800px\" \/>\t\t\t\t\t\t\t\t\t\t\t\t\t\t\t<\/div>\n\t\t\t\t<\/div>\n\t\t\t\t\t<\/div>\n\t\t<\/div>\n\t\t\t\t<div class=\"elementor-column elementor-col-50 elementor-inner-column elementor-element elementor-element-f5325aa\" data-id=\"f5325aa\" data-element_type=\"column\" data-e-type=\"column\">\n\t\t\t<div class=\"elementor-widget-wrap elementor-element-populated\">\n\t\t\t\t\t\t<div class=\"elementor-element elementor-element-be993cf elementor-widget elementor-widget-heading\" data-id=\"be993cf\" data-element_type=\"widget\" data-e-type=\"widget\" data-widget_type=\"heading.default\">\n\t\t\t\t<div class=\"elementor-widget-container\">\n\t\t\t\t\t<h2 class=\"elementor-heading-title elementor-size-default\">Facts<\/h2>\t\t\t\t<\/div>\n\t\t\t\t<\/div>\n\t\t\t\t<div class=\"elementor-element elementor-element-3edbfee elementor-widget elementor-widget-text-editor\" data-id=\"3edbfee\" data-element_type=\"widget\" data-e-type=\"widget\" data-widget_type=\"text-editor.default\">\n\t\t\t\t<div class=\"elementor-widget-container\">\n\t\t\t\t\t\t\t\t\t<p><strong>Materials<\/strong><\/p><ul><li>Stainless wire diamond drawn 304, 316 and titanium<\/li><li>Nitinol<\/li><li>Wire diameter from 0.1 to 30 mm.<\/li><\/ul><p>\u00a0<\/p><p><strong>Surface treatment of springs<\/strong><\/p><p>The springs can be supplied with a surface treatment. The following are the options:<\/p><p>Tin, silver, gold or Delta. Delta in particular provides very good corrosive protection without causing hydrogen embrittlement. PU coating in all industrial colours.<\/p>\t\t\t\t\t\t\t\t<\/div>\n\t\t\t\t<\/div>\n\t\t\t\t<div class=\"elementor-element elementor-element-b0bd406 elementor-widget elementor-widget-button\" data-id=\"b0bd406\" data-element_type=\"widget\" data-e-type=\"widget\" data-widget_type=\"button.default\">\n\t\t\t\t<div class=\"elementor-widget-container\">\n\t\t\t\t\t\t\t\t\t<div class=\"elementor-button-wrapper\">\n\t\t\t\t\t<a class=\"elementor-button elementor-button-link elementor-size-sm\" href=\"https:\/\/vossindustry.dk\/en\/tilbud\/\">\n\t\t\t\t\t\t<span class=\"elementor-button-content-wrapper\">\n\t\t\t\t\t\t\t\t\t<span class=\"elementor-button-text\">Get an offer<\/span>\n\t\t\t\t\t<\/span>\n\t\t\t\t\t<\/a>\n\t\t\t\t<\/div>\n\t\t\t\t\t\t\t\t<\/div>\n\t\t\t\t<\/div>\n\t\t\t\t\t<\/div>\n\t\t<\/div>\n\t\t\t\t\t<\/div>\n\t\t<\/section>\n\t\t\t\t\t<\/div>\n\t\t<\/div>\n\t\t\t\t\t<\/div>\n\t\t<\/section>\n\t\t\t\t<\/div>","protected":false},"excerpt":{"rendered":"<p>Fjedre og tr\u00e5dspoler Fjedre og tr\u00e5dspoler L\u00e6s mere om os Fjedrene er lavet af rustfri tr\u00e5d og nitinol. De kan leveres med en overfladebehandling. Se nedenfor hvilke muligheder der er. Har du brug for hj\u00e6lp? Vi sidder klar til at hj\u00e6lpe dig med at l\u00f8se din opgave. 59 16 35 00 info@vossindustry.dk Fakta Materialer Rustfri [&hellip;]<\/p>\n","protected":false},"author":1,"featured_media":952,"parent":0,"menu_order":0,"comment_status":"closed","ping_status":"closed","template":"","meta":{"iawp_total_views":88,"footnotes":""},"class_list":["post-1118","page","type-page","status-publish","has-post-thumbnail","hentry"],"yoast_head":"<!-- This site is optimized with the Yoast SEO plugin v27.4 - https:\/\/yoast.com\/product\/yoast-seo-wordpress\/ -->\n<title>Springs and Wirecoils - Voss Industry<\/title>\n<meta name=\"description\" content=\"Extrusion is defined as the process of shaping material, such as aluminum, by forcing it to flow through a shaped opening in a die.\" \/>\n<meta name=\"robots\" content=\"index, follow, max-snippet:-1, max-image-preview:large, max-video-preview:-1\" \/>\n<link rel=\"canonical\" href=\"https:\/\/vossindustry.dk\/en\/springs-and-wirecoils\/\" \/>\n<meta property=\"og:locale\" content=\"en_GB\" \/>\n<meta property=\"og:type\" content=\"article\" \/>\n<meta property=\"og:title\" content=\"Springs and Wirecoils - Voss Industry\" \/>\n<meta property=\"og:description\" content=\"Extrusion is defined as the process of shaping material, such as aluminum, by forcing it to flow through a shaped opening in a die.\" \/>\n<meta property=\"og:url\" content=\"https:\/\/vossindustry.dk\/en\/springs-and-wirecoils\/\" \/>\n<meta property=\"og:site_name\" content=\"Voss Industry\" \/>\n<meta property=\"article:modified_time\" content=\"2024-01-30T07:43:27+00:00\" \/>\n<meta property=\"og:image\" content=\"https:\/\/vossindustry.dk\/wp-content\/uploads\/2023\/09\/Alu-exstrudering-scaled.jpg\" \/>\n\t<meta property=\"og:image:width\" content=\"2560\" \/>\n\t<meta property=\"og:image:height\" content=\"1707\" \/>\n\t<meta property=\"og:image:type\" content=\"image\/jpeg\" \/>\n<meta name=\"twitter:card\" content=\"summary_large_image\" \/>\n<meta name=\"twitter:label1\" content=\"Estimated reading time\" \/>\n\t<meta name=\"twitter:data1\" content=\"1 minute\" \/>\n<script type=\"application\/ld+json\" class=\"yoast-schema-graph\">{\"@context\":\"https:\\\/\\\/schema.org\",\"@graph\":[{\"@type\":\"WebPage\",\"@id\":\"https:\\\/\\\/vossindustry.dk\\\/springs-and-wirecoils\\\/\",\"url\":\"https:\\\/\\\/vossindustry.dk\\\/springs-and-wirecoils\\\/\",\"name\":\"Springs and Wirecoils - Voss Industry\",\"isPartOf\":{\"@id\":\"https:\\\/\\\/vossindustry.dk\\\/#website\"},\"primaryImageOfPage\":{\"@id\":\"https:\\\/\\\/vossindustry.dk\\\/springs-and-wirecoils\\\/#primaryimage\"},\"image\":{\"@id\":\"https:\\\/\\\/vossindustry.dk\\\/springs-and-wirecoils\\\/#primaryimage\"},\"thumbnailUrl\":\"https:\\\/\\\/vossindustry.dk\\\/wp-content\\\/uploads\\\/2023\\\/09\\\/Alu-exstrudering-scaled.jpg\",\"datePublished\":\"2023-10-09T08:25:40+00:00\",\"dateModified\":\"2024-01-30T07:43:27+00:00\",\"description\":\"Extrusion is defined as the process of shaping material, such as aluminum, by forcing it to flow through a shaped opening in a die.\",\"breadcrumb\":{\"@id\":\"https:\\\/\\\/vossindustry.dk\\\/springs-and-wirecoils\\\/#breadcrumb\"},\"inLanguage\":\"en-GB\",\"potentialAction\":[{\"@type\":\"ReadAction\",\"target\":[\"https:\\\/\\\/vossindustry.dk\\\/springs-and-wirecoils\\\/\"]}]},{\"@type\":\"ImageObject\",\"inLanguage\":\"en-GB\",\"@id\":\"https:\\\/\\\/vossindustry.dk\\\/springs-and-wirecoils\\\/#primaryimage\",\"url\":\"https:\\\/\\\/vossindustry.dk\\\/wp-content\\\/uploads\\\/2023\\\/09\\\/Alu-exstrudering-scaled.jpg\",\"contentUrl\":\"https:\\\/\\\/vossindustry.dk\\\/wp-content\\\/uploads\\\/2023\\\/09\\\/Alu-exstrudering-scaled.jpg\",\"width\":2560,\"height\":1707,\"caption\":\"Aluminum Extrusion\"},{\"@type\":\"BreadcrumbList\",\"@id\":\"https:\\\/\\\/vossindustry.dk\\\/springs-and-wirecoils\\\/#breadcrumb\",\"itemListElement\":[{\"@type\":\"ListItem\",\"position\":1,\"name\":\"Home\",\"item\":\"https:\\\/\\\/vossindustry.dk\\\/\"},{\"@type\":\"ListItem\",\"position\":2,\"name\":\"Springs and Wirecoils\"}]},{\"@type\":\"WebSite\",\"@id\":\"https:\\\/\\\/vossindustry.dk\\\/#website\",\"url\":\"https:\\\/\\\/vossindustry.dk\\\/\",\"name\":\"Voss Industry\",\"description\":\"Global sourcing &amp; value creation\",\"publisher\":{\"@id\":\"https:\\\/\\\/vossindustry.dk\\\/#organization\"},\"potentialAction\":[{\"@type\":\"SearchAction\",\"target\":{\"@type\":\"EntryPoint\",\"urlTemplate\":\"https:\\\/\\\/vossindustry.dk\\\/?s={search_term_string}\"},\"query-input\":{\"@type\":\"PropertyValueSpecification\",\"valueRequired\":true,\"valueName\":\"search_term_string\"}}],\"inLanguage\":\"en-GB\"},{\"@type\":\"Organization\",\"@id\":\"https:\\\/\\\/vossindustry.dk\\\/#organization\",\"name\":\"Voss Industry\",\"url\":\"https:\\\/\\\/vossindustry.dk\\\/\",\"logo\":{\"@type\":\"ImageObject\",\"inLanguage\":\"en-GB\",\"@id\":\"https:\\\/\\\/vossindustry.dk\\\/#\\\/schema\\\/logo\\\/image\\\/\",\"url\":\"https:\\\/\\\/vossindustry.dk\\\/wp-content\\\/uploads\\\/2022\\\/11\\\/VossLogoSVG-01.svg\",\"contentUrl\":\"https:\\\/\\\/vossindustry.dk\\\/wp-content\\\/uploads\\\/2022\\\/11\\\/VossLogoSVG-01.svg\",\"width\":365,\"height\":110,\"caption\":\"Voss Industry\"},\"image\":{\"@id\":\"https:\\\/\\\/vossindustry.dk\\\/#\\\/schema\\\/logo\\\/image\\\/\"}}]}<\/script>\n<!-- \/ Yoast SEO plugin. -->","yoast_head_json":{"title":"Springs and Wirecoils - Voss Industry","description":"Extrusion is defined as the process of shaping material, such as aluminum, by forcing it to flow through a shaped opening in a die.","robots":{"index":"index","follow":"follow","max-snippet":"max-snippet:-1","max-image-preview":"max-image-preview:large","max-video-preview":"max-video-preview:-1"},"canonical":"https:\/\/vossindustry.dk\/en\/springs-and-wirecoils\/","og_locale":"en_GB","og_type":"article","og_title":"Springs and Wirecoils - Voss Industry","og_description":"Extrusion is defined as the process of shaping material, such as aluminum, by forcing it to flow through a shaped opening in a die.","og_url":"https:\/\/vossindustry.dk\/en\/springs-and-wirecoils\/","og_site_name":"Voss Industry","article_modified_time":"2024-01-30T07:43:27+00:00","og_image":[{"width":2560,"height":1707,"url":"https:\/\/vossindustry.dk\/wp-content\/uploads\/2023\/09\/Alu-exstrudering-scaled.jpg","type":"image\/jpeg"}],"twitter_card":"summary_large_image","twitter_misc":{"Estimated reading time":"1 minute"},"schema":{"@context":"https:\/\/schema.org","@graph":[{"@type":"WebPage","@id":"https:\/\/vossindustry.dk\/springs-and-wirecoils\/","url":"https:\/\/vossindustry.dk\/springs-and-wirecoils\/","name":"Springs and Wirecoils - Voss Industry","isPartOf":{"@id":"https:\/\/vossindustry.dk\/#website"},"primaryImageOfPage":{"@id":"https:\/\/vossindustry.dk\/springs-and-wirecoils\/#primaryimage"},"image":{"@id":"https:\/\/vossindustry.dk\/springs-and-wirecoils\/#primaryimage"},"thumbnailUrl":"https:\/\/vossindustry.dk\/wp-content\/uploads\/2023\/09\/Alu-exstrudering-scaled.jpg","datePublished":"2023-10-09T08:25:40+00:00","dateModified":"2024-01-30T07:43:27+00:00","description":"Extrusion is defined as the process of shaping material, such as aluminum, by forcing it to flow through a shaped opening in a die.","breadcrumb":{"@id":"https:\/\/vossindustry.dk\/springs-and-wirecoils\/#breadcrumb"},"inLanguage":"en-GB","potentialAction":[{"@type":"ReadAction","target":["https:\/\/vossindustry.dk\/springs-and-wirecoils\/"]}]},{"@type":"ImageObject","inLanguage":"en-GB","@id":"https:\/\/vossindustry.dk\/springs-and-wirecoils\/#primaryimage","url":"https:\/\/vossindustry.dk\/wp-content\/uploads\/2023\/09\/Alu-exstrudering-scaled.jpg","contentUrl":"https:\/\/vossindustry.dk\/wp-content\/uploads\/2023\/09\/Alu-exstrudering-scaled.jpg","width":2560,"height":1707,"caption":"Aluminum Extrusion"},{"@type":"BreadcrumbList","@id":"https:\/\/vossindustry.dk\/springs-and-wirecoils\/#breadcrumb","itemListElement":[{"@type":"ListItem","position":1,"name":"Home","item":"https:\/\/vossindustry.dk\/"},{"@type":"ListItem","position":2,"name":"Springs and Wirecoils"}]},{"@type":"WebSite","@id":"https:\/\/vossindustry.dk\/#website","url":"https:\/\/vossindustry.dk\/","name":"Voss Industry","description":"Global sourcing &amp; value creation","publisher":{"@id":"https:\/\/vossindustry.dk\/#organization"},"potentialAction":[{"@type":"SearchAction","target":{"@type":"EntryPoint","urlTemplate":"https:\/\/vossindustry.dk\/?s={search_term_string}"},"query-input":{"@type":"PropertyValueSpecification","valueRequired":true,"valueName":"search_term_string"}}],"inLanguage":"en-GB"},{"@type":"Organization","@id":"https:\/\/vossindustry.dk\/#organization","name":"Voss Industry","url":"https:\/\/vossindustry.dk\/","logo":{"@type":"ImageObject","inLanguage":"en-GB","@id":"https:\/\/vossindustry.dk\/#\/schema\/logo\/image\/","url":"https:\/\/vossindustry.dk\/wp-content\/uploads\/2022\/11\/VossLogoSVG-01.svg","contentUrl":"https:\/\/vossindustry.dk\/wp-content\/uploads\/2022\/11\/VossLogoSVG-01.svg","width":365,"height":110,"caption":"Voss Industry"},"image":{"@id":"https:\/\/vossindustry.dk\/#\/schema\/logo\/image\/"}}]}},"_links":{"self":[{"href":"https:\/\/vossindustry.dk\/en\/wp-json\/wp\/v2\/pages\/1118","targetHints":{"allow":["GET"]}}],"collection":[{"href":"https:\/\/vossindustry.dk\/en\/wp-json\/wp\/v2\/pages"}],"about":[{"href":"https:\/\/vossindustry.dk\/en\/wp-json\/wp\/v2\/types\/page"}],"author":[{"embeddable":true,"href":"https:\/\/vossindustry.dk\/en\/wp-json\/wp\/v2\/users\/1"}],"replies":[{"embeddable":true,"href":"https:\/\/vossindustry.dk\/en\/wp-json\/wp\/v2\/comments?post=1118"}],"version-history":[{"count":16,"href":"https:\/\/vossindustry.dk\/en\/wp-json\/wp\/v2\/pages\/1118\/revisions"}],"predecessor-version":[{"id":1311,"href":"https:\/\/vossindustry.dk\/en\/wp-json\/wp\/v2\/pages\/1118\/revisions\/1311"}],"wp:featuredmedia":[{"embeddable":true,"href":"https:\/\/vossindustry.dk\/en\/wp-json\/wp\/v2\/media\/952"}],"wp:attachment":[{"href":"https:\/\/vossindustry.dk\/en\/wp-json\/wp\/v2\/media?parent=1118"}],"curies":[{"name":"wp","href":"https:\/\/api.w.org\/{rel}","templated":true}]}}