{"id":1175,"date":"2024-01-29T10:26:12","date_gmt":"2024-01-29T10:26:12","guid":{"rendered":"https:\/\/vossindustry.dk\/?page_id=1175"},"modified":"2024-01-30T10:00:00","modified_gmt":"2024-01-30T10:00:00","slug":"medico","status":"publish","type":"page","link":"https:\/\/vossindustry.dk\/en\/medico\/","title":{"rendered":"Medico"},"content":{"rendered":"<div data-elementor-type=\"wp-page\" data-elementor-id=\"1175\" class=\"elementor elementor-1175\" data-elementor-post-type=\"page\">\n\t\t\t\t\t\t<section class=\"elementor-section elementor-top-section elementor-element elementor-element-583fa2c7 elementor-section-boxed elementor-section-height-default elementor-section-height-default\" data-id=\"583fa2c7\" data-element_type=\"section\" data-e-type=\"section\" data-settings=\"{&quot;background_background&quot;:&quot;classic&quot;}\">\n\t\t\t\t\t\t\t<div class=\"elementor-background-overlay\"><\/div>\n\t\t\t\t\t\t\t<div class=\"elementor-container elementor-column-gap-default\">\n\t\t\t\t\t<div class=\"elementor-column elementor-col-100 elementor-top-column elementor-element elementor-element-76e55493\" data-id=\"76e55493\" data-element_type=\"column\" data-e-type=\"column\">\n\t\t\t<div class=\"elementor-widget-wrap elementor-element-populated\">\n\t\t\t\t\t\t<section class=\"elementor-section elementor-inner-section elementor-element elementor-element-28ad109b elementor-section-boxed elementor-section-height-default elementor-section-height-default\" data-id=\"28ad109b\" data-element_type=\"section\" data-e-type=\"section\">\n\t\t\t\t\t\t<div class=\"elementor-container elementor-column-gap-default\">\n\t\t\t\t\t<div class=\"elementor-column elementor-col-100 elementor-inner-column elementor-element elementor-element-5c7d9ccc\" data-id=\"5c7d9ccc\" data-element_type=\"column\" data-e-type=\"column\">\n\t\t\t<div class=\"elementor-widget-wrap elementor-element-populated\">\n\t\t\t\t\t\t<div class=\"elementor-element elementor-element-7a794640 elementor-widget elementor-widget-heading\" data-id=\"7a794640\" data-element_type=\"widget\" data-e-type=\"widget\" data-widget_type=\"heading.default\">\n\t\t\t\t<div class=\"elementor-widget-container\">\n\t\t\t\t\t<h1 class=\"elementor-heading-title elementor-size-default\">Medico<\/h1>\t\t\t\t<\/div>\n\t\t\t\t<\/div>\n\t\t\t\t<div class=\"elementor-element elementor-element-62ca67e0 elementor-widget elementor-widget-text-editor\" data-id=\"62ca67e0\" data-element_type=\"widget\" data-e-type=\"widget\" data-widget_type=\"text-editor.default\">\n\t\t\t\t<div class=\"elementor-widget-container\">\n\t\t\t\t\t\t\t\t\t<p>We are a subcontractor in the Medico industry, where our extensive knowledge makes us a reliable business partner.<\/p>\t\t\t\t\t\t\t\t<\/div>\n\t\t\t\t<\/div>\n\t\t\t\t\t<\/div>\n\t\t<\/div>\n\t\t\t\t\t<\/div>\n\t\t<\/section>\n\t\t\t\t\t<\/div>\n\t\t<\/div>\n\t\t\t\t\t<\/div>\n\t\t<\/section>\n\t\t\t\t<section class=\"elementor-section elementor-top-section elementor-element elementor-element-50ef7e73 elementor-section-height-min-height elementor-section-boxed elementor-section-height-default elementor-section-items-middle\" data-id=\"50ef7e73\" data-element_type=\"section\" data-e-type=\"section\" data-settings=\"{&quot;background_background&quot;:&quot;classic&quot;}\">\n\t\t\t\t\t\t<div class=\"elementor-container elementor-column-gap-default\">\n\t\t\t\t\t<div class=\"elementor-column elementor-col-100 elementor-top-column elementor-element elementor-element-62f23185\" data-id=\"62f23185\" data-element_type=\"column\" data-e-type=\"column\">\n\t\t\t<div class=\"elementor-widget-wrap elementor-element-populated\">\n\t\t\t\t\t\t<section class=\"elementor-section elementor-inner-section elementor-element elementor-element-707a90ab elementor-section-boxed elementor-section-height-default elementor-section-height-default\" data-id=\"707a90ab\" data-element_type=\"section\" data-e-type=\"section\">\n\t\t\t\t\t\t<div class=\"elementor-container elementor-column-gap-default\">\n\t\t\t\t\t<div class=\"elementor-column elementor-col-33 elementor-inner-column elementor-element elementor-element-758e55be\" data-id=\"758e55be\" data-element_type=\"column\" data-e-type=\"column\">\n\t\t\t<div class=\"elementor-widget-wrap elementor-element-populated\">\n\t\t\t\t\t\t<div class=\"elementor-element elementor-element-48026748 elementor-widget elementor-widget-heading\" data-id=\"48026748\" data-element_type=\"widget\" data-e-type=\"widget\" data-widget_type=\"heading.default\">\n\t\t\t\t<div class=\"elementor-widget-container\">\n\t\t\t\t\t<h2 class=\"elementor-heading-title elementor-size-default\">Medico<\/h2>\t\t\t\t<\/div>\n\t\t\t\t<\/div>\n\t\t\t\t<div class=\"elementor-element elementor-element-5580142 elementor-widget-divider--view-line elementor-widget elementor-widget-divider\" data-id=\"5580142\" data-element_type=\"widget\" data-e-type=\"widget\" data-widget_type=\"divider.default\">\n\t\t\t\t<div class=\"elementor-widget-container\">\n\t\t\t\t\t\t\t<div class=\"elementor-divider\">\n\t\t\t<span class=\"elementor-divider-separator\">\n\t\t\t\t\t\t<\/span>\n\t\t<\/div>\n\t\t\t\t\t\t<\/div>\n\t\t\t\t<\/div>\n\t\t\t\t<div class=\"elementor-element elementor-element-2cf2980 elementor-widget-mobile__width-auto elementor-hidden-mobile elementor-widget elementor-widget-button\" data-id=\"2cf2980\" data-element_type=\"widget\" data-e-type=\"widget\" data-widget_type=\"button.default\">\n\t\t\t\t<div class=\"elementor-widget-container\">\n\t\t\t\t\t\t\t\t\t<div class=\"elementor-button-wrapper\">\n\t\t\t\t\t<a class=\"elementor-button elementor-button-link elementor-size-sm\" href=\"https:\/\/vossindustry.dk\/en\/kontakt-os\/\">\n\t\t\t\t\t\t<span class=\"elementor-button-content-wrapper\">\n\t\t\t\t\t\t\t\t\t<span class=\"elementor-button-text\">Contact us<\/span>\n\t\t\t\t\t<\/span>\n\t\t\t\t\t<\/a>\n\t\t\t\t<\/div>\n\t\t\t\t\t\t\t\t<\/div>\n\t\t\t\t<\/div>\n\t\t\t\t\t<\/div>\n\t\t<\/div>\n\t\t\t\t<div class=\"elementor-column elementor-col-33 elementor-inner-column elementor-element elementor-element-6467f857\" data-id=\"6467f857\" data-element_type=\"column\" data-e-type=\"column\">\n\t\t\t<div class=\"elementor-widget-wrap elementor-element-populated\">\n\t\t\t\t\t\t<div class=\"elementor-element elementor-element-86ddbde elementor-widget elementor-widget-image\" data-id=\"86ddbde\" data-element_type=\"widget\" data-e-type=\"widget\" data-widget_type=\"image.default\">\n\t\t\t\t<div class=\"elementor-widget-container\">\n\t\t\t\t\t\t\t\t\t\t\t\t\t\t\t<img fetchpriority=\"high\" decoding=\"async\" width=\"800\" height=\"420\" src=\"https:\/\/vossindustry.dk\/wp-content\/uploads\/2024\/01\/Medico-billede-hjemmeside-1024x538.jpg\" class=\"attachment-large size-large wp-image-1190\" alt=\"\" srcset=\"https:\/\/vossindustry.dk\/wp-content\/uploads\/2024\/01\/Medico-billede-hjemmeside-1024x538.jpg 1024w, https:\/\/vossindustry.dk\/wp-content\/uploads\/2024\/01\/Medico-billede-hjemmeside-300x158.jpg 300w, https:\/\/vossindustry.dk\/wp-content\/uploads\/2024\/01\/Medico-billede-hjemmeside-768x404.jpg 768w, https:\/\/vossindustry.dk\/wp-content\/uploads\/2024\/01\/Medico-billede-hjemmeside-1536x807.jpg 1536w, https:\/\/vossindustry.dk\/wp-content\/uploads\/2024\/01\/Medico-billede-hjemmeside-2048x1077.jpg 2048w, https:\/\/vossindustry.dk\/wp-content\/uploads\/2024\/01\/Medico-billede-hjemmeside-18x9.jpg 18w\" sizes=\"(max-width: 800px) 100vw, 800px\" \/>\t\t\t\t\t\t\t\t\t\t\t\t\t\t\t<\/div>\n\t\t\t\t<\/div>\n\t\t\t\t<div class=\"elementor-element elementor-element-5051585b elementor-widget elementor-widget-text-editor\" data-id=\"5051585b\" data-element_type=\"widget\" data-e-type=\"widget\" data-widget_type=\"text-editor.default\">\n\t\t\t\t<div class=\"elementor-widget-container\">\n\t\t\t\t\t\t\t\t\t<p>Voss Industry A\/S is a sub-supplier to a number of manufacturers of medical products and has, over many years, built up knowledge and skills in the manufacture and delivery of critical components. For more than 30 years, Voss Industry has supplied parts that are used in various companies that produce e.g.<\/p><ul><li>Hearing aids<\/li><li>Needles<\/li><li>Endoscopes<\/li><li>Radiological products<\/li><li>Wheelchairs<\/li><\/ul><div>\u00a0<\/div><div>We know that the medical industry has high demands on finish and quality and that there are therefore special precision requirements to be met. Our knowledge of the industry&#039;s requirements and wishes makes us a good and innovative sparring partner. Our experience is that the right solution is found early in the development phase and at Voss Industry we can provide sparring and solutions.<\/div><div>\u00a0<\/div><div>Voss Industry is ISO 9001 and ISO 13485 certified and meets the requirements for traceability, documentation and with the option of clean room production. We have our own control department and washing and packing of components.<\/div>\t\t\t\t\t\t\t\t<\/div>\n\t\t\t\t<\/div>\n\t\t\t\t\t<\/div>\n\t\t<\/div>\n\t\t\t\t<div class=\"elementor-column elementor-col-33 elementor-inner-column elementor-element elementor-element-1ffc0ef4\" data-id=\"1ffc0ef4\" data-element_type=\"column\" data-e-type=\"column\">\n\t\t\t<div class=\"elementor-widget-wrap elementor-element-populated\">\n\t\t\t\t\t\t<div class=\"elementor-element elementor-element-4797eb9e elementor-widget elementor-widget-heading\" data-id=\"4797eb9e\" data-element_type=\"widget\" data-e-type=\"widget\" data-widget_type=\"heading.default\">\n\t\t\t\t<div class=\"elementor-widget-container\">\n\t\t\t\t\t<h2 class=\"elementor-heading-title elementor-size-default\">You get that with us<\/h2>\t\t\t\t<\/div>\n\t\t\t\t<\/div>\n\t\t\t\t<div class=\"elementor-element elementor-element-2c58c210 elementor-widget elementor-widget-text-editor\" data-id=\"2c58c210\" data-element_type=\"widget\" data-e-type=\"widget\" data-widget_type=\"text-editor.default\">\n\t\t\t\t<div class=\"elementor-widget-container\">\n\t\t\t\t\t\t\t\t\t<p>High level of service and great flexibility, together with our technical capacity, have made Voss Industry an attractive business partner, where the awareness of customers&#039; demands for quality and economy is at the center.<\/p><p><a href=\"https:\/\/vossindustry.dk\/en\/kompetencer\/\">See more of our competencies<\/a><\/p>\t\t\t\t\t\t\t\t<\/div>\n\t\t\t\t<\/div>\n\t\t\t\t\t<\/div>\n\t\t<\/div>\n\t\t\t\t\t<\/div>\n\t\t<\/section>\n\t\t\t\t\t<\/div>\n\t\t<\/div>\n\t\t\t\t\t<\/div>\n\t\t<\/section>\n\t\t\t\t<section class=\"elementor-section elementor-top-section elementor-element elementor-element-09467d1 elementor-section-height-min-height elementor-section-boxed elementor-section-height-default elementor-section-items-middle\" data-id=\"09467d1\" data-element_type=\"section\" data-e-type=\"section\" data-settings=\"{&quot;background_background&quot;:&quot;classic&quot;}\">\n\t\t\t\t\t\t\t<div class=\"elementor-background-overlay\"><\/div>\n\t\t\t\t\t\t\t<div class=\"elementor-container elementor-column-gap-default\">\n\t\t\t\t\t<div class=\"elementor-column elementor-col-100 elementor-top-column elementor-element elementor-element-b87e6b4\" data-id=\"b87e6b4\" data-element_type=\"column\" data-e-type=\"column\">\n\t\t\t<div class=\"elementor-widget-wrap elementor-element-populated\">\n\t\t\t\t\t\t<section class=\"elementor-section elementor-inner-section elementor-element elementor-element-7e1b059 elementor-section-boxed elementor-section-height-default elementor-section-height-default\" data-id=\"7e1b059\" data-element_type=\"section\" data-e-type=\"section\">\n\t\t\t\t\t\t<div class=\"elementor-container elementor-column-gap-default\">\n\t\t\t\t\t<div class=\"elementor-column elementor-col-33 elementor-inner-column elementor-element elementor-element-ebee445\" data-id=\"ebee445\" data-element_type=\"column\" data-e-type=\"column\">\n\t\t\t<div class=\"elementor-widget-wrap\">\n\t\t\t\t\t\t\t<\/div>\n\t\t<\/div>\n\t\t\t\t<div class=\"elementor-column elementor-col-33 elementor-inner-column elementor-element elementor-element-cf4d9a7\" data-id=\"cf4d9a7\" data-element_type=\"column\" data-e-type=\"column\">\n\t\t\t<div class=\"elementor-widget-wrap elementor-element-populated\">\n\t\t\t\t\t\t<div class=\"elementor-element elementor-element-0a40a63 elementor-widget elementor-widget-gallery\" data-id=\"0a40a63\" data-element_type=\"widget\" data-e-type=\"widget\" data-settings=\"{&quot;columns&quot;:2,&quot;lazyload&quot;:&quot;yes&quot;,&quot;gallery_layout&quot;:&quot;grid&quot;,&quot;columns_tablet&quot;:2,&quot;columns_mobile&quot;:1,&quot;gap&quot;:{&quot;unit&quot;:&quot;px&quot;,&quot;size&quot;:10,&quot;sizes&quot;:[]},&quot;gap_tablet&quot;:{&quot;unit&quot;:&quot;px&quot;,&quot;size&quot;:10,&quot;sizes&quot;:[]},&quot;gap_mobile&quot;:{&quot;unit&quot;:&quot;px&quot;,&quot;size&quot;:10,&quot;sizes&quot;:[]},&quot;link_to&quot;:&quot;file&quot;,&quot;aspect_ratio&quot;:&quot;3:2&quot;,&quot;overlay_background&quot;:&quot;yes&quot;,&quot;content_hover_animation&quot;:&quot;fade-in&quot;}\" data-widget_type=\"gallery.default\">\n\t\t\t\t<div class=\"elementor-widget-container\">\n\t\t\t\t\t\t\t<div class=\"elementor-gallery__container\">\n\t\t\t\t\t\t\t<a class=\"e-gallery-item elementor-gallery-item elementor-animated-content\" href=\"https:\/\/vossindustry.dk\/wp-content\/uploads\/2024\/01\/Laporoscopi-2-hjemmeside-scaled.jpg\" data-elementor-open-lightbox=\"yes\" data-elementor-lightbox-slideshow=\"0a40a63\" data-elementor-lightbox-title=\"Laporoscopi 2 hjemmeside\" data-e-action-hash=\"#elementor-action%3Aaction%3Dlightbox%26settings%3DeyJpZCI6MTE5MSwidXJsIjoiaHR0cHM6XC9cL3Zvc3NpbmR1c3RyeS5ka1wvd3AtY29udGVudFwvdXBsb2Fkc1wvMjAyNFwvMDFcL0xhcG9yb3Njb3BpLTItaGplbW1lc2lkZS1zY2FsZWQuanBnIiwic2xpZGVzaG93IjoiMGE0MGE2MyJ9\">\n\t\t\t\t\t<div class=\"e-gallery-image elementor-gallery-item__image\" data-thumbnail=\"https:\/\/vossindustry.dk\/wp-content\/uploads\/2024\/01\/Laporoscopi-2-hjemmeside-300x225.jpg\" data-width=\"300\" data-height=\"225\" aria-label=\"\" role=\"img\" ><\/div>\n\t\t\t\t\t\t\t\t\t\t\t<div class=\"elementor-gallery-item__overlay\"><\/div>\n\t\t\t\t\t\t\t\t\t\t\t\t\t\t<\/a>\n\t\t\t\t\t\t\t<a class=\"e-gallery-item elementor-gallery-item elementor-animated-content\" href=\"https:\/\/vossindustry.dk\/wp-content\/uploads\/2024\/01\/Laporoscopi-1-hjemmeside-scaled.jpg\" data-elementor-open-lightbox=\"yes\" data-elementor-lightbox-slideshow=\"0a40a63\" data-elementor-lightbox-title=\"Laporoscopi 1 hjemmeside\" data-e-action-hash=\"#elementor-action%3Aaction%3Dlightbox%26settings%3DeyJpZCI6MTE5MiwidXJsIjoiaHR0cHM6XC9cL3Zvc3NpbmR1c3RyeS5ka1wvd3AtY29udGVudFwvdXBsb2Fkc1wvMjAyNFwvMDFcL0xhcG9yb3Njb3BpLTEtaGplbW1lc2lkZS1zY2FsZWQuanBnIiwic2xpZGVzaG93IjoiMGE0MGE2MyJ9\">\n\t\t\t\t\t<div class=\"e-gallery-image elementor-gallery-item__image\" data-thumbnail=\"https:\/\/vossindustry.dk\/wp-content\/uploads\/2024\/01\/Laporoscopi-1-hjemmeside-300x225.jpg\" data-width=\"300\" data-height=\"225\" aria-label=\"\" role=\"img\" ><\/div>\n\t\t\t\t\t\t\t\t\t\t\t<div class=\"elementor-gallery-item__overlay\"><\/div>\n\t\t\t\t\t\t\t\t\t\t\t\t\t\t<\/a>\n\t\t\t\t\t<\/div>\n\t\t\t\t\t<\/div>\n\t\t\t\t<\/div>\n\t\t\t\t<div class=\"elementor-element elementor-element-3553bd4 elementor-widget elementor-widget-text-editor\" data-id=\"3553bd4\" data-element_type=\"widget\" data-e-type=\"widget\" data-widget_type=\"text-editor.default\">\n\t\t\t\t<div class=\"elementor-widget-container\">\n\t\t\t\t\t\t\t\t\t<p>Voss uses highly qualified sub-suppliers for the manufacture of components and can supply a wide range of components, e.g.<\/p><ul><li>Springs<\/li><li>Punching parts<\/li><li>CNC turning\/Milling<\/li><li>Laser cutting of needles<\/li><li>Silicone and plastic molding<\/li><li>Installation in a clean room<\/li><li>Ultrasonic cleaning and packing<\/li><\/ul><p>\u00a0<\/p><p>We have our own construction department and draw in 3D and can deliver prototypes in various materials such as:<\/p><ul><li>AISI316L. Titanium<\/li><li>PEEK, PEI, TEFLON, POM<\/li><li>Surface treatment, gold, PVD coating<\/li><\/ul><div>\u00a0<\/div><p>Voss Industry supplies special components to many medico companies at home and abroad. Both prototypes, small series and fixed deliveries.<\/p>\t\t\t\t\t\t\t\t<\/div>\n\t\t\t\t<\/div>\n\t\t\t\t<div class=\"elementor-element elementor-element-3b03ba6 elementor-widget elementor-widget-image\" data-id=\"3b03ba6\" data-element_type=\"widget\" data-e-type=\"widget\" data-widget_type=\"image.default\">\n\t\t\t\t<div class=\"elementor-widget-container\">\n\t\t\t\t\t\t\t\t\t\t\t\t\t\t\t<img decoding=\"async\" width=\"724\" height=\"1024\" src=\"https:\/\/vossindustry.dk\/wp-content\/uploads\/2024\/01\/ISO-13485-724x1024.png\" class=\"attachment-large size-large wp-image-1367\" alt=\"\" srcset=\"https:\/\/vossindustry.dk\/wp-content\/uploads\/2024\/01\/ISO-13485-724x1024.png 724w, https:\/\/vossindustry.dk\/wp-content\/uploads\/2024\/01\/ISO-13485-212x300.png 212w, https:\/\/vossindustry.dk\/wp-content\/uploads\/2024\/01\/ISO-13485-768x1086.png 768w, https:\/\/vossindustry.dk\/wp-content\/uploads\/2024\/01\/ISO-13485-1086x1536.png 1086w, https:\/\/vossindustry.dk\/wp-content\/uploads\/2024\/01\/ISO-13485-1448x2048.png 1448w, https:\/\/vossindustry.dk\/wp-content\/uploads\/2024\/01\/ISO-13485-8x12.png 8w, https:\/\/vossindustry.dk\/wp-content\/uploads\/2024\/01\/ISO-13485.png 1654w\" sizes=\"(max-width: 724px) 100vw, 724px\" \/>\t\t\t\t\t\t\t\t\t\t\t\t\t\t\t<\/div>\n\t\t\t\t<\/div>\n\t\t\t\t\t<\/div>\n\t\t<\/div>\n\t\t\t\t<div class=\"elementor-column elementor-col-33 elementor-inner-column elementor-element elementor-element-758b489\" data-id=\"758b489\" data-element_type=\"column\" data-e-type=\"column\">\n\t\t\t<div class=\"elementor-widget-wrap\">\n\t\t\t\t\t\t\t<\/div>\n\t\t<\/div>\n\t\t\t\t\t<\/div>\n\t\t<\/section>\n\t\t\t\t\t<\/div>\n\t\t<\/div>\n\t\t\t\t\t<\/div>\n\t\t<\/section>\n\t\t\t\t<\/div>","protected":false},"excerpt":{"rendered":"<p>Medico Vi er underleverand\u00f8r i Medico branchen, hvor vores store viden g\u00f8r os til en p\u00e5lidelig samarbejdspartner. Medico Kontakt os Voss Industry A\/S er underleverand\u00f8r til en r\u00e6kke producenter af medico produkter og har gennem mange \u00e5r opbygget viden og kompetencer indenfor fremstilling og levering af kritiske komponenter. I mere end 30 \u00e5r har Voss [&hellip;]<\/p>\n","protected":false},"author":1,"featured_media":0,"parent":0,"menu_order":0,"comment_status":"closed","ping_status":"closed","template":"","meta":{"iawp_total_views":309,"footnotes":""},"class_list":["post-1175","page","type-page","status-publish","hentry"],"yoast_head":"<!-- This site is optimized with the Yoast SEO plugin v27.4 - https:\/\/yoast.com\/product\/yoast-seo-wordpress\/ -->\n<title>Medico - Voss Industry<\/title>\n<meta name=\"robots\" content=\"index, follow, max-snippet:-1, max-image-preview:large, max-video-preview:-1\" \/>\n<link rel=\"canonical\" href=\"https:\/\/vossindustry.dk\/en\/medico\/\" \/>\n<meta property=\"og:locale\" content=\"en_GB\" \/>\n<meta property=\"og:type\" content=\"article\" \/>\n<meta property=\"og:title\" content=\"Medico - Voss Industry\" \/>\n<meta property=\"og:description\" content=\"Medico Vi er underleverand\u00f8r i Medico branchen, hvor vores store viden g\u00f8r os til en p\u00e5lidelig samarbejdspartner. Medico Kontakt os Voss Industry A\/S er underleverand\u00f8r til en r\u00e6kke producenter af medico produkter og har gennem mange \u00e5r opbygget viden og kompetencer indenfor fremstilling og levering af kritiske komponenter. I mere end 30 \u00e5r har Voss [&hellip;]\" \/>\n<meta property=\"og:url\" content=\"https:\/\/vossindustry.dk\/en\/medico\/\" \/>\n<meta property=\"og:site_name\" content=\"Voss Industry\" \/>\n<meta property=\"article:modified_time\" content=\"2024-01-30T10:00:00+00:00\" \/>\n<meta property=\"og:image\" content=\"https:\/\/vossindustry.dk\/wp-content\/uploads\/2024\/01\/Medico-billede-hjemmeside-1024x538.jpg\" \/>\n<meta name=\"twitter:card\" content=\"summary_large_image\" \/>\n<meta name=\"twitter:label1\" content=\"Estimated reading time\" \/>\n\t<meta name=\"twitter:data1\" content=\"2 minutes\" \/>\n<script type=\"application\/ld+json\" class=\"yoast-schema-graph\">{\"@context\":\"https:\\\/\\\/schema.org\",\"@graph\":[{\"@type\":\"WebPage\",\"@id\":\"https:\\\/\\\/vossindustry.dk\\\/medico\\\/\",\"url\":\"https:\\\/\\\/vossindustry.dk\\\/medico\\\/\",\"name\":\"Medico - Voss Industry\",\"isPartOf\":{\"@id\":\"https:\\\/\\\/vossindustry.dk\\\/#website\"},\"primaryImageOfPage\":{\"@id\":\"https:\\\/\\\/vossindustry.dk\\\/medico\\\/#primaryimage\"},\"image\":{\"@id\":\"https:\\\/\\\/vossindustry.dk\\\/medico\\\/#primaryimage\"},\"thumbnailUrl\":\"https:\\\/\\\/vossindustry.dk\\\/wp-content\\\/uploads\\\/2024\\\/01\\\/Medico-billede-hjemmeside-1024x538.jpg\",\"datePublished\":\"2024-01-29T10:26:12+00:00\",\"dateModified\":\"2024-01-30T10:00:00+00:00\",\"breadcrumb\":{\"@id\":\"https:\\\/\\\/vossindustry.dk\\\/medico\\\/#breadcrumb\"},\"inLanguage\":\"en-GB\",\"potentialAction\":[{\"@type\":\"ReadAction\",\"target\":[\"https:\\\/\\\/vossindustry.dk\\\/medico\\\/\"]}]},{\"@type\":\"ImageObject\",\"inLanguage\":\"en-GB\",\"@id\":\"https:\\\/\\\/vossindustry.dk\\\/medico\\\/#primaryimage\",\"url\":\"https:\\\/\\\/vossindustry.dk\\\/wp-content\\\/uploads\\\/2024\\\/01\\\/Medico-billede-hjemmeside-1024x538.jpg\",\"contentUrl\":\"https:\\\/\\\/vossindustry.dk\\\/wp-content\\\/uploads\\\/2024\\\/01\\\/Medico-billede-hjemmeside-1024x538.jpg\"},{\"@type\":\"BreadcrumbList\",\"@id\":\"https:\\\/\\\/vossindustry.dk\\\/medico\\\/#breadcrumb\",\"itemListElement\":[{\"@type\":\"ListItem\",\"position\":1,\"name\":\"Home\",\"item\":\"https:\\\/\\\/vossindustry.dk\\\/\"},{\"@type\":\"ListItem\",\"position\":2,\"name\":\"Medico\"}]},{\"@type\":\"WebSite\",\"@id\":\"https:\\\/\\\/vossindustry.dk\\\/#website\",\"url\":\"https:\\\/\\\/vossindustry.dk\\\/\",\"name\":\"Voss Industry\",\"description\":\"Global sourcing &amp; value creation\",\"publisher\":{\"@id\":\"https:\\\/\\\/vossindustry.dk\\\/#organization\"},\"potentialAction\":[{\"@type\":\"SearchAction\",\"target\":{\"@type\":\"EntryPoint\",\"urlTemplate\":\"https:\\\/\\\/vossindustry.dk\\\/?s={search_term_string}\"},\"query-input\":{\"@type\":\"PropertyValueSpecification\",\"valueRequired\":true,\"valueName\":\"search_term_string\"}}],\"inLanguage\":\"en-GB\"},{\"@type\":\"Organization\",\"@id\":\"https:\\\/\\\/vossindustry.dk\\\/#organization\",\"name\":\"Voss Industry\",\"url\":\"https:\\\/\\\/vossindustry.dk\\\/\",\"logo\":{\"@type\":\"ImageObject\",\"inLanguage\":\"en-GB\",\"@id\":\"https:\\\/\\\/vossindustry.dk\\\/#\\\/schema\\\/logo\\\/image\\\/\",\"url\":\"https:\\\/\\\/vossindustry.dk\\\/wp-content\\\/uploads\\\/2022\\\/11\\\/VossLogoSVG-01.svg\",\"contentUrl\":\"https:\\\/\\\/vossindustry.dk\\\/wp-content\\\/uploads\\\/2022\\\/11\\\/VossLogoSVG-01.svg\",\"width\":365,\"height\":110,\"caption\":\"Voss Industry\"},\"image\":{\"@id\":\"https:\\\/\\\/vossindustry.dk\\\/#\\\/schema\\\/logo\\\/image\\\/\"}}]}<\/script>\n<!-- \/ Yoast SEO plugin. -->","yoast_head_json":{"title":"Medico - Voss Industry","robots":{"index":"index","follow":"follow","max-snippet":"max-snippet:-1","max-image-preview":"max-image-preview:large","max-video-preview":"max-video-preview:-1"},"canonical":"https:\/\/vossindustry.dk\/en\/medico\/","og_locale":"en_GB","og_type":"article","og_title":"Medico - Voss Industry","og_description":"Medico Vi er underleverand\u00f8r i Medico branchen, hvor vores store viden g\u00f8r os til en p\u00e5lidelig samarbejdspartner. Medico Kontakt os Voss Industry A\/S er underleverand\u00f8r til en r\u00e6kke producenter af medico produkter og har gennem mange \u00e5r opbygget viden og kompetencer indenfor fremstilling og levering af kritiske komponenter. I mere end 30 \u00e5r har Voss [&hellip;]","og_url":"https:\/\/vossindustry.dk\/en\/medico\/","og_site_name":"Voss Industry","article_modified_time":"2024-01-30T10:00:00+00:00","og_image":[{"url":"https:\/\/vossindustry.dk\/wp-content\/uploads\/2024\/01\/Medico-billede-hjemmeside-1024x538.jpg","type":"","width":"","height":""}],"twitter_card":"summary_large_image","twitter_misc":{"Estimated reading time":"2 minutes"},"schema":{"@context":"https:\/\/schema.org","@graph":[{"@type":"WebPage","@id":"https:\/\/vossindustry.dk\/medico\/","url":"https:\/\/vossindustry.dk\/medico\/","name":"Medico - Voss Industry","isPartOf":{"@id":"https:\/\/vossindustry.dk\/#website"},"primaryImageOfPage":{"@id":"https:\/\/vossindustry.dk\/medico\/#primaryimage"},"image":{"@id":"https:\/\/vossindustry.dk\/medico\/#primaryimage"},"thumbnailUrl":"https:\/\/vossindustry.dk\/wp-content\/uploads\/2024\/01\/Medico-billede-hjemmeside-1024x538.jpg","datePublished":"2024-01-29T10:26:12+00:00","dateModified":"2024-01-30T10:00:00+00:00","breadcrumb":{"@id":"https:\/\/vossindustry.dk\/medico\/#breadcrumb"},"inLanguage":"en-GB","potentialAction":[{"@type":"ReadAction","target":["https:\/\/vossindustry.dk\/medico\/"]}]},{"@type":"ImageObject","inLanguage":"en-GB","@id":"https:\/\/vossindustry.dk\/medico\/#primaryimage","url":"https:\/\/vossindustry.dk\/wp-content\/uploads\/2024\/01\/Medico-billede-hjemmeside-1024x538.jpg","contentUrl":"https:\/\/vossindustry.dk\/wp-content\/uploads\/2024\/01\/Medico-billede-hjemmeside-1024x538.jpg"},{"@type":"BreadcrumbList","@id":"https:\/\/vossindustry.dk\/medico\/#breadcrumb","itemListElement":[{"@type":"ListItem","position":1,"name":"Home","item":"https:\/\/vossindustry.dk\/"},{"@type":"ListItem","position":2,"name":"Medico"}]},{"@type":"WebSite","@id":"https:\/\/vossindustry.dk\/#website","url":"https:\/\/vossindustry.dk\/","name":"Voss Industry","description":"Global sourcing &amp; value creation","publisher":{"@id":"https:\/\/vossindustry.dk\/#organization"},"potentialAction":[{"@type":"SearchAction","target":{"@type":"EntryPoint","urlTemplate":"https:\/\/vossindustry.dk\/?s={search_term_string}"},"query-input":{"@type":"PropertyValueSpecification","valueRequired":true,"valueName":"search_term_string"}}],"inLanguage":"en-GB"},{"@type":"Organization","@id":"https:\/\/vossindustry.dk\/#organization","name":"Voss Industry","url":"https:\/\/vossindustry.dk\/","logo":{"@type":"ImageObject","inLanguage":"en-GB","@id":"https:\/\/vossindustry.dk\/#\/schema\/logo\/image\/","url":"https:\/\/vossindustry.dk\/wp-content\/uploads\/2022\/11\/VossLogoSVG-01.svg","contentUrl":"https:\/\/vossindustry.dk\/wp-content\/uploads\/2022\/11\/VossLogoSVG-01.svg","width":365,"height":110,"caption":"Voss Industry"},"image":{"@id":"https:\/\/vossindustry.dk\/#\/schema\/logo\/image\/"}}]}},"_links":{"self":[{"href":"https:\/\/vossindustry.dk\/en\/wp-json\/wp\/v2\/pages\/1175","targetHints":{"allow":["GET"]}}],"collection":[{"href":"https:\/\/vossindustry.dk\/en\/wp-json\/wp\/v2\/pages"}],"about":[{"href":"https:\/\/vossindustry.dk\/en\/wp-json\/wp\/v2\/types\/page"}],"author":[{"embeddable":true,"href":"https:\/\/vossindustry.dk\/en\/wp-json\/wp\/v2\/users\/1"}],"replies":[{"embeddable":true,"href":"https:\/\/vossindustry.dk\/en\/wp-json\/wp\/v2\/comments?post=1175"}],"version-history":[{"count":43,"href":"https:\/\/vossindustry.dk\/en\/wp-json\/wp\/v2\/pages\/1175\/revisions"}],"predecessor-version":[{"id":1370,"href":"https:\/\/vossindustry.dk\/en\/wp-json\/wp\/v2\/pages\/1175\/revisions\/1370"}],"wp:attachment":[{"href":"https:\/\/vossindustry.dk\/en\/wp-json\/wp\/v2\/media?parent=1175"}],"curies":[{"name":"wp","href":"https:\/\/api.w.org\/{rel}","templated":true}]}}