{"id":414,"date":"2022-12-05T12:51:10","date_gmt":"2022-12-05T12:51:10","guid":{"rendered":"https:\/\/vossindustry.com.web07.webtohosting.dk\/?page_id=414"},"modified":"2024-01-30T06:54:04","modified_gmt":"2024-01-30T06:54:04","slug":"aluminum-extrsion","status":"publish","type":"page","link":"https:\/\/vossindustry.dk\/en\/aluminum-extrsion\/","title":{"rendered":"Aluminum Extrusion"},"content":{"rendered":"<div data-elementor-type=\"wp-page\" data-elementor-id=\"414\" class=\"elementor elementor-414\" data-elementor-post-type=\"page\">\n\t\t\t\t\t\t<section class=\"elementor-section elementor-top-section elementor-element elementor-element-5116ab3 elementor-section-boxed elementor-section-height-default elementor-section-height-default\" data-id=\"5116ab3\" data-element_type=\"section\" data-e-type=\"section\" data-settings=\"{&quot;background_background&quot;:&quot;classic&quot;}\">\n\t\t\t\t\t\t\t<div class=\"elementor-background-overlay\"><\/div>\n\t\t\t\t\t\t\t<div class=\"elementor-container elementor-column-gap-default\">\n\t\t\t\t\t<div class=\"elementor-column elementor-col-100 elementor-top-column elementor-element elementor-element-bba6d63\" data-id=\"bba6d63\" data-element_type=\"column\" data-e-type=\"column\">\n\t\t\t<div class=\"elementor-widget-wrap elementor-element-populated\">\n\t\t\t\t\t\t<section class=\"elementor-section elementor-inner-section elementor-element elementor-element-3a44e7a elementor-section-boxed elementor-section-height-default elementor-section-height-default\" data-id=\"3a44e7a\" data-element_type=\"section\" data-e-type=\"section\">\n\t\t\t\t\t\t<div class=\"elementor-container elementor-column-gap-default\">\n\t\t\t\t\t<div class=\"elementor-column elementor-col-100 elementor-inner-column elementor-element elementor-element-470d078\" data-id=\"470d078\" data-element_type=\"column\" data-e-type=\"column\">\n\t\t\t<div class=\"elementor-widget-wrap elementor-element-populated\">\n\t\t\t\t\t\t<div class=\"elementor-element elementor-element-f377c11 elementor-widget elementor-widget-heading\" data-id=\"f377c11\" data-element_type=\"widget\" data-e-type=\"widget\" data-widget_type=\"heading.default\">\n\t\t\t\t<div class=\"elementor-widget-container\">\n\t\t\t\t\t<h1 class=\"elementor-heading-title elementor-size-default\">Aluminum extrusion<\/h1>\t\t\t\t<\/div>\n\t\t\t\t<\/div>\n\t\t\t\t\t<\/div>\n\t\t<\/div>\n\t\t\t\t\t<\/div>\n\t\t<\/section>\n\t\t\t\t\t<\/div>\n\t\t<\/div>\n\t\t\t\t\t<\/div>\n\t\t<\/section>\n\t\t\t\t<section class=\"elementor-section elementor-top-section elementor-element elementor-element-267b1e77 elementor-section-height-min-height elementor-section-boxed elementor-section-height-default elementor-section-items-middle\" data-id=\"267b1e77\" data-element_type=\"section\" data-e-type=\"section\" data-settings=\"{&quot;background_background&quot;:&quot;classic&quot;}\">\n\t\t\t\t\t\t<div class=\"elementor-container elementor-column-gap-default\">\n\t\t\t\t\t<div class=\"elementor-column elementor-col-100 elementor-top-column elementor-element elementor-element-2871c66d\" data-id=\"2871c66d\" data-element_type=\"column\" data-e-type=\"column\">\n\t\t\t<div class=\"elementor-widget-wrap elementor-element-populated\">\n\t\t\t\t\t\t<section class=\"elementor-section elementor-inner-section elementor-element elementor-element-5c929abc elementor-section-boxed elementor-section-height-default elementor-section-height-default\" data-id=\"5c929abc\" data-element_type=\"section\" data-e-type=\"section\">\n\t\t\t\t\t\t<div class=\"elementor-container elementor-column-gap-default\">\n\t\t\t\t\t<div class=\"elementor-column elementor-col-33 elementor-inner-column elementor-element elementor-element-1257492\" data-id=\"1257492\" data-element_type=\"column\" data-e-type=\"column\">\n\t\t\t<div class=\"elementor-widget-wrap elementor-element-populated\">\n\t\t\t\t\t\t<div class=\"elementor-element elementor-element-7541a976 elementor-widget elementor-widget-heading\" data-id=\"7541a976\" data-element_type=\"widget\" data-e-type=\"widget\" data-widget_type=\"heading.default\">\n\t\t\t\t<div class=\"elementor-widget-container\">\n\t\t\t\t\t<h2 class=\"elementor-heading-title elementor-size-default\">Aluminum extrusion<\/h2>\t\t\t\t<\/div>\n\t\t\t\t<\/div>\n\t\t\t\t<div class=\"elementor-element elementor-element-4a45800d elementor-widget-divider--view-line elementor-widget elementor-widget-divider\" data-id=\"4a45800d\" data-element_type=\"widget\" data-e-type=\"widget\" data-widget_type=\"divider.default\">\n\t\t\t\t<div class=\"elementor-widget-container\">\n\t\t\t\t\t\t\t<div class=\"elementor-divider\">\n\t\t\t<span class=\"elementor-divider-separator\">\n\t\t\t\t\t\t<\/span>\n\t\t<\/div>\n\t\t\t\t\t\t<\/div>\n\t\t\t\t<\/div>\n\t\t\t\t<div class=\"elementor-element elementor-element-9a1e88a elementor-widget elementor-widget-button\" data-id=\"9a1e88a\" data-element_type=\"widget\" data-e-type=\"widget\" data-widget_type=\"button.default\">\n\t\t\t\t<div class=\"elementor-widget-container\">\n\t\t\t\t\t\t\t\t\t<div class=\"elementor-button-wrapper\">\n\t\t\t\t\t<a class=\"elementor-button elementor-button-link elementor-size-sm\" href=\"https:\/\/vossindustry.dk\/en\/om-os\/\">\n\t\t\t\t\t\t<span class=\"elementor-button-content-wrapper\">\n\t\t\t\t\t\t\t\t\t<span class=\"elementor-button-text\">Read more about us<\/span>\n\t\t\t\t\t<\/span>\n\t\t\t\t\t<\/a>\n\t\t\t\t<\/div>\n\t\t\t\t\t\t\t\t<\/div>\n\t\t\t\t<\/div>\n\t\t\t\t\t<\/div>\n\t\t<\/div>\n\t\t\t\t<div class=\"elementor-column elementor-col-33 elementor-inner-column elementor-element elementor-element-eb6a7ee\" data-id=\"eb6a7ee\" data-element_type=\"column\" data-e-type=\"column\">\n\t\t\t<div class=\"elementor-widget-wrap elementor-element-populated\">\n\t\t\t\t\t\t<div class=\"elementor-element elementor-element-4d5e2c63 elementor-widget elementor-widget-text-editor\" data-id=\"4d5e2c63\" data-element_type=\"widget\" data-e-type=\"widget\" data-widget_type=\"text-editor.default\">\n\t\t\t\t<div class=\"elementor-widget-container\">\n\t\t\t\t\t\t\t\t\t<p>Extrusion is defined as the process of shaping material, such as aluminum, by forcing it to flow through a shaped opening in a die. Extruded material appears as an elongated piece with the same profile as the die opening.<\/p>\t\t\t\t\t\t\t\t<\/div>\n\t\t\t\t<\/div>\n\t\t\t\t\t<\/div>\n\t\t<\/div>\n\t\t\t\t<div class=\"elementor-column elementor-col-33 elementor-inner-column elementor-element elementor-element-5dc6da5d\" data-id=\"5dc6da5d\" data-element_type=\"column\" data-e-type=\"column\">\n\t\t\t<div class=\"elementor-widget-wrap elementor-element-populated\">\n\t\t\t\t\t\t<div class=\"elementor-element elementor-element-d04bad6 elementor-widget elementor-widget-heading\" data-id=\"d04bad6\" data-element_type=\"widget\" data-e-type=\"widget\" data-widget_type=\"heading.default\">\n\t\t\t\t<div class=\"elementor-widget-container\">\n\t\t\t\t\t<h2 class=\"elementor-heading-title elementor-size-default\">Do you need help?\n<\/h2>\t\t\t\t<\/div>\n\t\t\t\t<\/div>\n\t\t\t\t<div class=\"elementor-element elementor-element-f80016b elementor-widget elementor-widget-text-editor\" data-id=\"f80016b\" data-element_type=\"widget\" data-e-type=\"widget\" data-widget_type=\"text-editor.default\">\n\t\t\t\t<div class=\"elementor-widget-container\">\n\t\t\t\t\t\t\t\t\t<p>We are ready to help you solve your task.<\/p>\t\t\t\t\t\t\t\t<\/div>\n\t\t\t\t<\/div>\n\t\t\t\t<div class=\"elementor-element elementor-element-dda80c6 elementor-list-item-link-inline elementor-icon-list--layout-traditional elementor-widget elementor-widget-icon-list\" data-id=\"dda80c6\" data-element_type=\"widget\" data-e-type=\"widget\" data-widget_type=\"icon-list.default\">\n\t\t\t\t<div class=\"elementor-widget-container\">\n\t\t\t\t\t\t\t<ul class=\"elementor-icon-list-items\">\n\t\t\t\t\t\t\t<li class=\"elementor-icon-list-item\">\n\t\t\t\t\t\t\t\t\t\t\t<a href=\"tel:%2059%2016%2035%2000\">\n\n\t\t\t\t\t\t\t\t\t\t\t\t<span class=\"elementor-icon-list-icon\">\n\t\t\t\t\t\t\t<i aria-hidden=\"true\" class=\"fas fa-phone-alt\"><\/i>\t\t\t\t\t\t<\/span>\n\t\t\t\t\t\t\t\t\t\t<span class=\"elementor-icon-list-text\">59 16 35 00<\/span>\n\t\t\t\t\t\t\t\t\t\t\t<\/a>\n\t\t\t\t\t\t\t\t\t<\/li>\n\t\t\t\t\t\t\t\t<li class=\"elementor-icon-list-item\">\n\t\t\t\t\t\t\t\t\t\t\t<a href=\"mailto:%20info@vossindustry.dk\">\n\n\t\t\t\t\t\t\t\t\t\t\t\t<span class=\"elementor-icon-list-icon\">\n\t\t\t\t\t\t\t<i aria-hidden=\"true\" class=\"fas fa-envelope\"><\/i>\t\t\t\t\t\t<\/span>\n\t\t\t\t\t\t\t\t\t\t<span class=\"elementor-icon-list-text\">info@vossindustry.dk<\/span>\n\t\t\t\t\t\t\t\t\t\t\t<\/a>\n\t\t\t\t\t\t\t\t\t<\/li>\n\t\t\t\t\t\t<\/ul>\n\t\t\t\t\t\t<\/div>\n\t\t\t\t<\/div>\n\t\t\t\t\t<\/div>\n\t\t<\/div>\n\t\t\t\t\t<\/div>\n\t\t<\/section>\n\t\t\t\t\t<\/div>\n\t\t<\/div>\n\t\t\t\t\t<\/div>\n\t\t<\/section>\n\t\t\t\t<section class=\"elementor-section elementor-top-section elementor-element elementor-element-e41d6a0 elementor-section-height-min-height elementor-section-boxed elementor-section-height-default elementor-section-items-middle\" data-id=\"e41d6a0\" data-element_type=\"section\" data-e-type=\"section\" data-settings=\"{&quot;background_background&quot;:&quot;classic&quot;}\">\n\t\t\t\t\t\t<div class=\"elementor-container elementor-column-gap-default\">\n\t\t\t\t\t<div class=\"elementor-column elementor-col-100 elementor-top-column elementor-element elementor-element-f0c7471\" data-id=\"f0c7471\" data-element_type=\"column\" data-e-type=\"column\">\n\t\t\t<div class=\"elementor-widget-wrap elementor-element-populated\">\n\t\t\t\t\t\t<section class=\"elementor-section elementor-inner-section elementor-element elementor-element-d574e24 elementor-section-boxed elementor-section-height-default elementor-section-height-default\" data-id=\"d574e24\" data-element_type=\"section\" data-e-type=\"section\">\n\t\t\t\t\t\t<div class=\"elementor-container elementor-column-gap-wider\">\n\t\t\t\t\t<div class=\"elementor-column elementor-col-50 elementor-inner-column elementor-element elementor-element-90ccbd4\" data-id=\"90ccbd4\" data-element_type=\"column\" data-e-type=\"column\">\n\t\t\t<div class=\"elementor-widget-wrap elementor-element-populated\">\n\t\t\t\t\t\t<div class=\"elementor-element elementor-element-33a048e elementor-widget elementor-widget-image\" data-id=\"33a048e\" data-element_type=\"widget\" data-e-type=\"widget\" data-widget_type=\"image.default\">\n\t\t\t\t<div class=\"elementor-widget-container\">\n\t\t\t\t\t\t\t\t\t\t\t\t\t\t\t<img fetchpriority=\"high\" decoding=\"async\" width=\"800\" height=\"534\" src=\"https:\/\/vossindustry.dk\/wp-content\/uploads\/2023\/09\/Alu-exstrudering-1024x683.jpg\" class=\"attachment-large size-large wp-image-952\" alt=\"Aluminum Extrusion\" srcset=\"https:\/\/vossindustry.dk\/wp-content\/uploads\/2023\/09\/Alu-exstrudering-1024x683.jpg 1024w, https:\/\/vossindustry.dk\/wp-content\/uploads\/2023\/09\/Alu-exstrudering-300x200.jpg 300w, https:\/\/vossindustry.dk\/wp-content\/uploads\/2023\/09\/Alu-exstrudering-768x512.jpg 768w, https:\/\/vossindustry.dk\/wp-content\/uploads\/2023\/09\/Alu-exstrudering-1536x1024.jpg 1536w, https:\/\/vossindustry.dk\/wp-content\/uploads\/2023\/09\/Alu-exstrudering-2048x1365.jpg 2048w\" sizes=\"(max-width: 800px) 100vw, 800px\" \/>\t\t\t\t\t\t\t\t\t\t\t\t\t\t\t<\/div>\n\t\t\t\t<\/div>\n\t\t\t\t\t<\/div>\n\t\t<\/div>\n\t\t\t\t<div class=\"elementor-column elementor-col-50 elementor-inner-column elementor-element elementor-element-f5325aa\" data-id=\"f5325aa\" data-element_type=\"column\" data-e-type=\"column\">\n\t\t\t<div class=\"elementor-widget-wrap elementor-element-populated\">\n\t\t\t\t\t\t<div class=\"elementor-element elementor-element-be993cf elementor-widget elementor-widget-heading\" data-id=\"be993cf\" data-element_type=\"widget\" data-e-type=\"widget\" data-widget_type=\"heading.default\">\n\t\t\t\t<div class=\"elementor-widget-container\">\n\t\t\t\t\t<h2 class=\"elementor-heading-title elementor-size-default\">Facts<\/h2>\t\t\t\t<\/div>\n\t\t\t\t<\/div>\n\t\t\t\t<div class=\"elementor-element elementor-element-3edbfee elementor-widget elementor-widget-text-editor\" data-id=\"3edbfee\" data-element_type=\"widget\" data-e-type=\"widget\" data-widget_type=\"text-editor.default\">\n\t\t\t\t<div class=\"elementor-widget-container\">\n\t\t\t\t\t\t\t\t\t<p><b>Raw material<\/b><\/p><p>Voss Industri can supply aluminum extrusion<br \/>in different alloys depending on the customer<br \/>request for strength and corrosion resistance.<\/p><p>Aluminum for extrusion is mostly alloys with the following serial numbers:<br \/>1000 Series \u2013 Al<br \/>6000 series \u2013 Al + Mg + Si<br \/>7000 series \u2013 Al + Zn + Mg<\/p><p>Processing and assembly<\/p><p>Voss can carry out high quality production with our selected manufacturers. Aluminum profiles can be supplied precision machined.<\/p><ul><li>All cutting, drilling, slitting, countersinking<\/li><li>Bending and welding operations<\/li><li>CNC precision serial cutting<\/li><li>Deburring and cleaning with vibration, surface and cutting section brushing<\/li><\/ul><p>Assembly with screws mounting kit, end pieces<br \/>etc.<\/p><p>Surface treatment of aluminum profiles<\/p><p>Voss Industry can also supply profiles with surface treatment such as:<\/p><ul><li>Anodizing<\/li><li>Powder coating, any RAL color matt or gloss<\/li><li>High gloss wet paint any RAL colour<\/li><\/ul>\t\t\t\t\t\t\t\t<\/div>\n\t\t\t\t<\/div>\n\t\t\t\t<div class=\"elementor-element elementor-element-b0bd406 elementor-widget elementor-widget-button\" data-id=\"b0bd406\" data-element_type=\"widget\" data-e-type=\"widget\" data-widget_type=\"button.default\">\n\t\t\t\t<div class=\"elementor-widget-container\">\n\t\t\t\t\t\t\t\t\t<div class=\"elementor-button-wrapper\">\n\t\t\t\t\t<a class=\"elementor-button elementor-button-link elementor-size-sm\" href=\"https:\/\/vossindustry.dk\/en\/tilbud\/\">\n\t\t\t\t\t\t<span class=\"elementor-button-content-wrapper\">\n\t\t\t\t\t\t\t\t\t<span class=\"elementor-button-text\">Get an offer<\/span>\n\t\t\t\t\t<\/span>\n\t\t\t\t\t<\/a>\n\t\t\t\t<\/div>\n\t\t\t\t\t\t\t\t<\/div>\n\t\t\t\t<\/div>\n\t\t\t\t\t<\/div>\n\t\t<\/div>\n\t\t\t\t\t<\/div>\n\t\t<\/section>\n\t\t\t\t\t<\/div>\n\t\t<\/div>\n\t\t\t\t\t<\/div>\n\t\t<\/section>\n\t\t\t\t<\/div>","protected":false},"excerpt":{"rendered":"<p>Ekstrudering af aluminium Ekstrudering af aluminium L\u00e6s mere om os Ekstrudering er defineret som processen med at forme materiale, s\u00e5som aluminium, ved at tvinge det til at str\u00f8mme gennem en formet \u00e5bning i en matrice. Ekstruderet materiale fremst\u00e5r som et aflangt stykke med samme profil som matrice\u00e5bningen. Har du brug for hj\u00e6lp? Vi sidder klar [&hellip;]<\/p>\n","protected":false},"author":1,"featured_media":952,"parent":0,"menu_order":0,"comment_status":"closed","ping_status":"closed","template":"","meta":{"iawp_total_views":201,"footnotes":""},"class_list":["post-414","page","type-page","status-publish","has-post-thumbnail","hentry"],"yoast_head":"<!-- This site is optimized with the Yoast SEO plugin v27.5 - https:\/\/yoast.com\/product\/yoast-seo-wordpress\/ -->\n<title>Aluminum Extrusion - Voss Industry<\/title>\n<meta name=\"description\" content=\"Extrusion is defined as the process of shaping material, such as aluminum, by forcing it to flow through a shaped opening in a die.\" \/>\n<meta name=\"robots\" content=\"index, follow, max-snippet:-1, max-image-preview:large, max-video-preview:-1\" \/>\n<link rel=\"canonical\" href=\"https:\/\/vossindustry.dk\/en\/aluminum-extrsion\/\" \/>\n<meta property=\"og:locale\" content=\"en_GB\" \/>\n<meta property=\"og:type\" content=\"article\" \/>\n<meta property=\"og:title\" content=\"Aluminum Extrusion - Voss Industry\" \/>\n<meta property=\"og:description\" content=\"Extrusion is defined as the process of shaping material, such as aluminum, by forcing it to flow through a shaped opening in a die.\" \/>\n<meta property=\"og:url\" content=\"https:\/\/vossindustry.dk\/en\/aluminum-extrsion\/\" \/>\n<meta property=\"og:site_name\" content=\"Voss Industry\" \/>\n<meta property=\"article:modified_time\" content=\"2024-01-30T06:54:04+00:00\" \/>\n<meta property=\"og:image\" content=\"https:\/\/vossindustry.dk\/wp-content\/uploads\/2023\/09\/Alu-exstrudering-scaled.jpg\" \/>\n\t<meta property=\"og:image:width\" content=\"2560\" \/>\n\t<meta property=\"og:image:height\" content=\"1707\" \/>\n\t<meta property=\"og:image:type\" content=\"image\/jpeg\" \/>\n<meta name=\"twitter:card\" content=\"summary_large_image\" \/>\n<meta name=\"twitter:label1\" content=\"Estimated reading time\" \/>\n\t<meta name=\"twitter:data1\" content=\"2 minutes\" \/>\n<script type=\"application\/ld+json\" class=\"yoast-schema-graph\">{\"@context\":\"https:\\\/\\\/schema.org\",\"@graph\":[{\"@type\":\"WebPage\",\"@id\":\"https:\\\/\\\/vossindustry.dk\\\/aluminum-extrsion\\\/\",\"url\":\"https:\\\/\\\/vossindustry.dk\\\/aluminum-extrsion\\\/\",\"name\":\"Aluminum Extrusion - Voss Industry\",\"isPartOf\":{\"@id\":\"https:\\\/\\\/vossindustry.dk\\\/#website\"},\"primaryImageOfPage\":{\"@id\":\"https:\\\/\\\/vossindustry.dk\\\/aluminum-extrsion\\\/#primaryimage\"},\"image\":{\"@id\":\"https:\\\/\\\/vossindustry.dk\\\/aluminum-extrsion\\\/#primaryimage\"},\"thumbnailUrl\":\"https:\\\/\\\/vossindustry.dk\\\/wp-content\\\/uploads\\\/2023\\\/09\\\/Alu-exstrudering-scaled.jpg\",\"datePublished\":\"2022-12-05T12:51:10+00:00\",\"dateModified\":\"2024-01-30T06:54:04+00:00\",\"description\":\"Extrusion is defined as the process of shaping material, such as aluminum, by forcing it to flow through a shaped opening in a die.\",\"breadcrumb\":{\"@id\":\"https:\\\/\\\/vossindustry.dk\\\/aluminum-extrsion\\\/#breadcrumb\"},\"inLanguage\":\"en-GB\",\"potentialAction\":[{\"@type\":\"ReadAction\",\"target\":[\"https:\\\/\\\/vossindustry.dk\\\/aluminum-extrsion\\\/\"]}]},{\"@type\":\"ImageObject\",\"inLanguage\":\"en-GB\",\"@id\":\"https:\\\/\\\/vossindustry.dk\\\/aluminum-extrsion\\\/#primaryimage\",\"url\":\"https:\\\/\\\/vossindustry.dk\\\/wp-content\\\/uploads\\\/2023\\\/09\\\/Alu-exstrudering-scaled.jpg\",\"contentUrl\":\"https:\\\/\\\/vossindustry.dk\\\/wp-content\\\/uploads\\\/2023\\\/09\\\/Alu-exstrudering-scaled.jpg\",\"width\":2560,\"height\":1707,\"caption\":\"Aluminum Extrusion\"},{\"@type\":\"BreadcrumbList\",\"@id\":\"https:\\\/\\\/vossindustry.dk\\\/aluminum-extrsion\\\/#breadcrumb\",\"itemListElement\":[{\"@type\":\"ListItem\",\"position\":1,\"name\":\"Home\",\"item\":\"https:\\\/\\\/vossindustry.dk\\\/\"},{\"@type\":\"ListItem\",\"position\":2,\"name\":\"Aluminum Extrusion\"}]},{\"@type\":\"WebSite\",\"@id\":\"https:\\\/\\\/vossindustry.dk\\\/#website\",\"url\":\"https:\\\/\\\/vossindustry.dk\\\/\",\"name\":\"Voss Industry\",\"description\":\"Global sourcing &amp; value creation\",\"publisher\":{\"@id\":\"https:\\\/\\\/vossindustry.dk\\\/#organization\"},\"potentialAction\":[{\"@type\":\"SearchAction\",\"target\":{\"@type\":\"EntryPoint\",\"urlTemplate\":\"https:\\\/\\\/vossindustry.dk\\\/?s={search_term_string}\"},\"query-input\":{\"@type\":\"PropertyValueSpecification\",\"valueRequired\":true,\"valueName\":\"search_term_string\"}}],\"inLanguage\":\"en-GB\"},{\"@type\":\"Organization\",\"@id\":\"https:\\\/\\\/vossindustry.dk\\\/#organization\",\"name\":\"Voss Industry\",\"url\":\"https:\\\/\\\/vossindustry.dk\\\/\",\"logo\":{\"@type\":\"ImageObject\",\"inLanguage\":\"en-GB\",\"@id\":\"https:\\\/\\\/vossindustry.dk\\\/#\\\/schema\\\/logo\\\/image\\\/\",\"url\":\"https:\\\/\\\/vossindustry.dk\\\/wp-content\\\/uploads\\\/2022\\\/11\\\/VossLogoSVG-01.svg\",\"contentUrl\":\"https:\\\/\\\/vossindustry.dk\\\/wp-content\\\/uploads\\\/2022\\\/11\\\/VossLogoSVG-01.svg\",\"width\":365,\"height\":110,\"caption\":\"Voss Industry\"},\"image\":{\"@id\":\"https:\\\/\\\/vossindustry.dk\\\/#\\\/schema\\\/logo\\\/image\\\/\"}}]}<\/script>\n<!-- \/ Yoast SEO plugin. -->","yoast_head_json":{"title":"Aluminum Extrusion - Voss Industry","description":"Extrusion is defined as the process of shaping material, such as aluminum, by forcing it to flow through a shaped opening in a die.","robots":{"index":"index","follow":"follow","max-snippet":"max-snippet:-1","max-image-preview":"max-image-preview:large","max-video-preview":"max-video-preview:-1"},"canonical":"https:\/\/vossindustry.dk\/en\/aluminum-extrsion\/","og_locale":"en_GB","og_type":"article","og_title":"Aluminum Extrusion - Voss Industry","og_description":"Extrusion is defined as the process of shaping material, such as aluminum, by forcing it to flow through a shaped opening in a die.","og_url":"https:\/\/vossindustry.dk\/en\/aluminum-extrsion\/","og_site_name":"Voss Industry","article_modified_time":"2024-01-30T06:54:04+00:00","og_image":[{"width":2560,"height":1707,"url":"https:\/\/vossindustry.dk\/wp-content\/uploads\/2023\/09\/Alu-exstrudering-scaled.jpg","type":"image\/jpeg"}],"twitter_card":"summary_large_image","twitter_misc":{"Estimated reading time":"2 minutes"},"schema":{"@context":"https:\/\/schema.org","@graph":[{"@type":"WebPage","@id":"https:\/\/vossindustry.dk\/aluminum-extrsion\/","url":"https:\/\/vossindustry.dk\/aluminum-extrsion\/","name":"Aluminum Extrusion - Voss Industry","isPartOf":{"@id":"https:\/\/vossindustry.dk\/#website"},"primaryImageOfPage":{"@id":"https:\/\/vossindustry.dk\/aluminum-extrsion\/#primaryimage"},"image":{"@id":"https:\/\/vossindustry.dk\/aluminum-extrsion\/#primaryimage"},"thumbnailUrl":"https:\/\/vossindustry.dk\/wp-content\/uploads\/2023\/09\/Alu-exstrudering-scaled.jpg","datePublished":"2022-12-05T12:51:10+00:00","dateModified":"2024-01-30T06:54:04+00:00","description":"Extrusion is defined as the process of shaping material, such as aluminum, by forcing it to flow through a shaped opening in a die.","breadcrumb":{"@id":"https:\/\/vossindustry.dk\/aluminum-extrsion\/#breadcrumb"},"inLanguage":"en-GB","potentialAction":[{"@type":"ReadAction","target":["https:\/\/vossindustry.dk\/aluminum-extrsion\/"]}]},{"@type":"ImageObject","inLanguage":"en-GB","@id":"https:\/\/vossindustry.dk\/aluminum-extrsion\/#primaryimage","url":"https:\/\/vossindustry.dk\/wp-content\/uploads\/2023\/09\/Alu-exstrudering-scaled.jpg","contentUrl":"https:\/\/vossindustry.dk\/wp-content\/uploads\/2023\/09\/Alu-exstrudering-scaled.jpg","width":2560,"height":1707,"caption":"Aluminum Extrusion"},{"@type":"BreadcrumbList","@id":"https:\/\/vossindustry.dk\/aluminum-extrsion\/#breadcrumb","itemListElement":[{"@type":"ListItem","position":1,"name":"Home","item":"https:\/\/vossindustry.dk\/"},{"@type":"ListItem","position":2,"name":"Aluminum Extrusion"}]},{"@type":"WebSite","@id":"https:\/\/vossindustry.dk\/#website","url":"https:\/\/vossindustry.dk\/","name":"Voss Industry","description":"Global sourcing &amp; value creation","publisher":{"@id":"https:\/\/vossindustry.dk\/#organization"},"potentialAction":[{"@type":"SearchAction","target":{"@type":"EntryPoint","urlTemplate":"https:\/\/vossindustry.dk\/?s={search_term_string}"},"query-input":{"@type":"PropertyValueSpecification","valueRequired":true,"valueName":"search_term_string"}}],"inLanguage":"en-GB"},{"@type":"Organization","@id":"https:\/\/vossindustry.dk\/#organization","name":"Voss Industry","url":"https:\/\/vossindustry.dk\/","logo":{"@type":"ImageObject","inLanguage":"en-GB","@id":"https:\/\/vossindustry.dk\/#\/schema\/logo\/image\/","url":"https:\/\/vossindustry.dk\/wp-content\/uploads\/2022\/11\/VossLogoSVG-01.svg","contentUrl":"https:\/\/vossindustry.dk\/wp-content\/uploads\/2022\/11\/VossLogoSVG-01.svg","width":365,"height":110,"caption":"Voss Industry"},"image":{"@id":"https:\/\/vossindustry.dk\/#\/schema\/logo\/image\/"}}]}},"_links":{"self":[{"href":"https:\/\/vossindustry.dk\/en\/wp-json\/wp\/v2\/pages\/414","targetHints":{"allow":["GET"]}}],"collection":[{"href":"https:\/\/vossindustry.dk\/en\/wp-json\/wp\/v2\/pages"}],"about":[{"href":"https:\/\/vossindustry.dk\/en\/wp-json\/wp\/v2\/types\/page"}],"author":[{"embeddable":true,"href":"https:\/\/vossindustry.dk\/en\/wp-json\/wp\/v2\/users\/1"}],"replies":[{"embeddable":true,"href":"https:\/\/vossindustry.dk\/en\/wp-json\/wp\/v2\/comments?post=414"}],"version-history":[{"count":51,"href":"https:\/\/vossindustry.dk\/en\/wp-json\/wp\/v2\/pages\/414\/revisions"}],"predecessor-version":[{"id":1259,"href":"https:\/\/vossindustry.dk\/en\/wp-json\/wp\/v2\/pages\/414\/revisions\/1259"}],"wp:featuredmedia":[{"embeddable":true,"href":"https:\/\/vossindustry.dk\/en\/wp-json\/wp\/v2\/media\/952"}],"wp:attachment":[{"href":"https:\/\/vossindustry.dk\/en\/wp-json\/wp\/v2\/media?parent=414"}],"curies":[{"name":"wp","href":"https:\/\/api.w.org\/{rel}","templated":true}]}}