{"id":537,"date":"2022-12-06T07:20:01","date_gmt":"2022-12-06T07:20:01","guid":{"rendered":"https:\/\/vossindustry.com.web07.webtohosting.dk\/?page_id=537"},"modified":"2024-01-30T06:57:26","modified_gmt":"2024-01-30T06:57:26","slug":"surfaceplating","status":"publish","type":"page","link":"https:\/\/vossindustry.dk\/en\/surfaceplating\/","title":{"rendered":"Surface Plating"},"content":{"rendered":"<div data-elementor-type=\"wp-page\" data-elementor-id=\"537\" class=\"elementor elementor-537\" data-elementor-post-type=\"page\">\n\t\t\t\t\t\t<section class=\"elementor-section elementor-top-section elementor-element elementor-element-22499881 elementor-section-boxed elementor-section-height-default elementor-section-height-default\" data-id=\"22499881\" data-element_type=\"section\" data-e-type=\"section\" data-settings=\"{&quot;background_background&quot;:&quot;classic&quot;}\">\n\t\t\t\t\t\t\t<div class=\"elementor-background-overlay\"><\/div>\n\t\t\t\t\t\t\t<div class=\"elementor-container elementor-column-gap-default\">\n\t\t\t\t\t<div class=\"elementor-column elementor-col-100 elementor-top-column elementor-element elementor-element-5871ca83\" data-id=\"5871ca83\" data-element_type=\"column\" data-e-type=\"column\">\n\t\t\t<div class=\"elementor-widget-wrap elementor-element-populated\">\n\t\t\t\t\t\t<section class=\"elementor-section elementor-inner-section elementor-element elementor-element-730bb96a elementor-section-boxed elementor-section-height-default elementor-section-height-default\" data-id=\"730bb96a\" data-element_type=\"section\" data-e-type=\"section\">\n\t\t\t\t\t\t<div class=\"elementor-container elementor-column-gap-default\">\n\t\t\t\t\t<div class=\"elementor-column elementor-col-100 elementor-inner-column elementor-element elementor-element-156667d6\" data-id=\"156667d6\" data-element_type=\"column\" data-e-type=\"column\">\n\t\t\t<div class=\"elementor-widget-wrap elementor-element-populated\">\n\t\t\t\t\t\t<div class=\"elementor-element elementor-element-2d2d6bef elementor-widget elementor-widget-heading\" data-id=\"2d2d6bef\" data-element_type=\"widget\" data-e-type=\"widget\" data-widget_type=\"heading.default\">\n\t\t\t\t<div class=\"elementor-widget-container\">\n\t\t\t\t\t<h1 class=\"elementor-heading-title elementor-size-default\">Surface coating<\/h1>\t\t\t\t<\/div>\n\t\t\t\t<\/div>\n\t\t\t\t\t<\/div>\n\t\t<\/div>\n\t\t\t\t\t<\/div>\n\t\t<\/section>\n\t\t\t\t\t<\/div>\n\t\t<\/div>\n\t\t\t\t\t<\/div>\n\t\t<\/section>\n\t\t\t\t<section class=\"elementor-section elementor-top-section elementor-element elementor-element-300af4c9 elementor-section-height-min-height elementor-section-boxed elementor-section-height-default elementor-section-items-middle\" data-id=\"300af4c9\" data-element_type=\"section\" data-e-type=\"section\" data-settings=\"{&quot;background_background&quot;:&quot;classic&quot;}\">\n\t\t\t\t\t\t<div class=\"elementor-container elementor-column-gap-default\">\n\t\t\t\t\t<div class=\"elementor-column elementor-col-100 elementor-top-column elementor-element elementor-element-49953e95\" data-id=\"49953e95\" data-element_type=\"column\" data-e-type=\"column\">\n\t\t\t<div class=\"elementor-widget-wrap elementor-element-populated\">\n\t\t\t\t\t\t<section class=\"elementor-section elementor-inner-section elementor-element elementor-element-74482988 elementor-section-boxed elementor-section-height-default elementor-section-height-default\" data-id=\"74482988\" data-element_type=\"section\" data-e-type=\"section\">\n\t\t\t\t\t\t<div class=\"elementor-container elementor-column-gap-default\">\n\t\t\t\t\t<div class=\"elementor-column elementor-col-33 elementor-inner-column elementor-element elementor-element-47f04750\" data-id=\"47f04750\" data-element_type=\"column\" data-e-type=\"column\">\n\t\t\t<div class=\"elementor-widget-wrap elementor-element-populated\">\n\t\t\t\t\t\t<div class=\"elementor-element elementor-element-43449406 elementor-widget elementor-widget-heading\" data-id=\"43449406\" data-element_type=\"widget\" data-e-type=\"widget\" data-widget_type=\"heading.default\">\n\t\t\t\t<div class=\"elementor-widget-container\">\n\t\t\t\t\t<h2 class=\"elementor-heading-title elementor-size-default\">Surface coating<\/h2>\t\t\t\t<\/div>\n\t\t\t\t<\/div>\n\t\t\t\t<div class=\"elementor-element elementor-element-72b60622 elementor-widget-divider--view-line elementor-widget elementor-widget-divider\" data-id=\"72b60622\" data-element_type=\"widget\" data-e-type=\"widget\" data-widget_type=\"divider.default\">\n\t\t\t\t<div class=\"elementor-widget-container\">\n\t\t\t\t\t\t\t<div class=\"elementor-divider\">\n\t\t\t<span class=\"elementor-divider-separator\">\n\t\t\t\t\t\t<\/span>\n\t\t<\/div>\n\t\t\t\t\t\t<\/div>\n\t\t\t\t<\/div>\n\t\t\t\t<div class=\"elementor-element elementor-element-1c78a373 elementor-widget elementor-widget-button\" data-id=\"1c78a373\" data-element_type=\"widget\" data-e-type=\"widget\" data-widget_type=\"button.default\">\n\t\t\t\t<div class=\"elementor-widget-container\">\n\t\t\t\t\t\t\t\t\t<div class=\"elementor-button-wrapper\">\n\t\t\t\t\t<a class=\"elementor-button elementor-button-link elementor-size-sm\" href=\"https:\/\/vossindustry.dk\/en\/om-os\/\">\n\t\t\t\t\t\t<span class=\"elementor-button-content-wrapper\">\n\t\t\t\t\t\t\t\t\t<span class=\"elementor-button-text\">Read more about us<\/span>\n\t\t\t\t\t<\/span>\n\t\t\t\t\t<\/a>\n\t\t\t\t<\/div>\n\t\t\t\t\t\t\t\t<\/div>\n\t\t\t\t<\/div>\n\t\t\t\t\t<\/div>\n\t\t<\/div>\n\t\t\t\t<div class=\"elementor-column elementor-col-33 elementor-inner-column elementor-element elementor-element-6795bc0e\" data-id=\"6795bc0e\" data-element_type=\"column\" data-e-type=\"column\">\n\t\t\t<div class=\"elementor-widget-wrap elementor-element-populated\">\n\t\t\t\t\t\t<div class=\"elementor-element elementor-element-334210b9 elementor-widget elementor-widget-text-editor\" data-id=\"334210b9\" data-element_type=\"widget\" data-e-type=\"widget\" data-widget_type=\"text-editor.default\">\n\t\t\t\t<div class=\"elementor-widget-container\">\n\t\t\t\t\t\t\t\t\t<p><strong>Voss has several selected partners who are experts in surface coating of several types of materials. Voss supplies parts to various industries and can supply components with the required properties.<\/strong><\/p>\t\t\t\t\t\t\t\t<\/div>\n\t\t\t\t<\/div>\n\t\t\t\t<div class=\"elementor-element elementor-element-410f4396 elementor-widget elementor-widget-text-editor\" data-id=\"410f4396\" data-element_type=\"widget\" data-e-type=\"widget\" data-widget_type=\"text-editor.default\">\n\t\t\t\t<div class=\"elementor-widget-container\">\n\t\t\t\t\t\t\t\t\t<p>For metal parts, we can do: Corrosion resistance, Hot-dip galvanizing, Electrozinc plating, Geomet Dacrome, Anodizing, Electronic parts, Copper plating, Ni plating, Sn plating, Silver plating, Gold plating, Decorative parts, PVD plating, Chrome plating, gunmetal plating, copper, brass , lacquered copper, lacquered brass, powder coating and wet paint.<\/p>\t\t\t\t\t\t\t\t<\/div>\n\t\t\t\t<\/div>\n\t\t\t\t\t<\/div>\n\t\t<\/div>\n\t\t\t\t<div class=\"elementor-column elementor-col-33 elementor-inner-column elementor-element elementor-element-29cdeae4\" data-id=\"29cdeae4\" data-element_type=\"column\" data-e-type=\"column\">\n\t\t\t<div class=\"elementor-widget-wrap elementor-element-populated\">\n\t\t\t\t\t\t<div class=\"elementor-element elementor-element-11d1274 elementor-widget elementor-widget-heading\" data-id=\"11d1274\" data-element_type=\"widget\" data-e-type=\"widget\" data-widget_type=\"heading.default\">\n\t\t\t\t<div class=\"elementor-widget-container\">\n\t\t\t\t\t<h2 class=\"elementor-heading-title elementor-size-default\">Do you need help?\n<\/h2>\t\t\t\t<\/div>\n\t\t\t\t<\/div>\n\t\t\t\t<div class=\"elementor-element elementor-element-3e72e30 elementor-widget elementor-widget-text-editor\" data-id=\"3e72e30\" data-element_type=\"widget\" data-e-type=\"widget\" data-widget_type=\"text-editor.default\">\n\t\t\t\t<div class=\"elementor-widget-container\">\n\t\t\t\t\t\t\t\t\t<p>We are ready to help you solve your task.<\/p>\t\t\t\t\t\t\t\t<\/div>\n\t\t\t\t<\/div>\n\t\t\t\t<div class=\"elementor-element elementor-element-39521d69 elementor-list-item-link-inline elementor-icon-list--layout-traditional elementor-widget elementor-widget-icon-list\" data-id=\"39521d69\" data-element_type=\"widget\" data-e-type=\"widget\" data-widget_type=\"icon-list.default\">\n\t\t\t\t<div class=\"elementor-widget-container\">\n\t\t\t\t\t\t\t<ul class=\"elementor-icon-list-items\">\n\t\t\t\t\t\t\t<li class=\"elementor-icon-list-item\">\n\t\t\t\t\t\t\t\t\t\t\t<a href=\"tel:%2059%2016%2035%2000\">\n\n\t\t\t\t\t\t\t\t\t\t\t\t<span class=\"elementor-icon-list-icon\">\n\t\t\t\t\t\t\t<i aria-hidden=\"true\" class=\"fas fa-phone-alt\"><\/i>\t\t\t\t\t\t<\/span>\n\t\t\t\t\t\t\t\t\t\t<span class=\"elementor-icon-list-text\">59 16 35 00<\/span>\n\t\t\t\t\t\t\t\t\t\t\t<\/a>\n\t\t\t\t\t\t\t\t\t<\/li>\n\t\t\t\t\t\t\t\t<li class=\"elementor-icon-list-item\">\n\t\t\t\t\t\t\t\t\t\t\t<a href=\"mailto:%20info@vossindustry.dk\">\n\n\t\t\t\t\t\t\t\t\t\t\t\t<span class=\"elementor-icon-list-icon\">\n\t\t\t\t\t\t\t<i aria-hidden=\"true\" class=\"fas fa-envelope\"><\/i>\t\t\t\t\t\t<\/span>\n\t\t\t\t\t\t\t\t\t\t<span class=\"elementor-icon-list-text\">info@vossindustry.dk<\/span>\n\t\t\t\t\t\t\t\t\t\t\t<\/a>\n\t\t\t\t\t\t\t\t\t<\/li>\n\t\t\t\t\t\t<\/ul>\n\t\t\t\t\t\t<\/div>\n\t\t\t\t<\/div>\n\t\t\t\t\t<\/div>\n\t\t<\/div>\n\t\t\t\t\t<\/div>\n\t\t<\/section>\n\t\t\t\t\t<\/div>\n\t\t<\/div>\n\t\t\t\t\t<\/div>\n\t\t<\/section>\n\t\t\t\t<section class=\"elementor-section elementor-top-section elementor-element elementor-element-388e0da elementor-section-height-min-height elementor-section-boxed elementor-section-height-default elementor-section-items-middle\" data-id=\"388e0da\" data-element_type=\"section\" data-e-type=\"section\" data-settings=\"{&quot;background_background&quot;:&quot;classic&quot;}\">\n\t\t\t\t\t\t<div class=\"elementor-container elementor-column-gap-default\">\n\t\t\t\t\t<div class=\"elementor-column elementor-col-100 elementor-top-column elementor-element elementor-element-29371c82\" data-id=\"29371c82\" data-element_type=\"column\" data-e-type=\"column\">\n\t\t\t<div class=\"elementor-widget-wrap elementor-element-populated\">\n\t\t\t\t\t\t<section class=\"elementor-section elementor-inner-section elementor-element elementor-element-1212f3d2 elementor-section-boxed elementor-section-height-default elementor-section-height-default\" data-id=\"1212f3d2\" data-element_type=\"section\" data-e-type=\"section\">\n\t\t\t\t\t\t<div class=\"elementor-container elementor-column-gap-wider\">\n\t\t\t\t\t<div class=\"elementor-column elementor-col-50 elementor-inner-column elementor-element elementor-element-7c443467\" data-id=\"7c443467\" data-element_type=\"column\" data-e-type=\"column\">\n\t\t\t<div class=\"elementor-widget-wrap elementor-element-populated\">\n\t\t\t\t\t\t<div class=\"elementor-element elementor-element-2b5d4e19 elementor-widget elementor-widget-image\" data-id=\"2b5d4e19\" data-element_type=\"widget\" data-e-type=\"widget\" data-widget_type=\"image.default\">\n\t\t\t\t<div class=\"elementor-widget-container\">\n\t\t\t\t\t\t\t\t\t\t\t\t\t\t\t<img fetchpriority=\"high\" decoding=\"async\" width=\"800\" height=\"556\" src=\"https:\/\/vossindustry.dk\/wp-content\/uploads\/2023\/09\/Surface-Plating-1024x712.jpg\" class=\"attachment-large size-large wp-image-950\" alt=\"Surface Plating\" srcset=\"https:\/\/vossindustry.dk\/wp-content\/uploads\/2023\/09\/Surface-Plating-1024x712.jpg 1024w, https:\/\/vossindustry.dk\/wp-content\/uploads\/2023\/09\/Surface-Plating-300x209.jpg 300w, https:\/\/vossindustry.dk\/wp-content\/uploads\/2023\/09\/Surface-Plating-768x534.jpg 768w, https:\/\/vossindustry.dk\/wp-content\/uploads\/2023\/09\/Surface-Plating-1536x1068.jpg 1536w, https:\/\/vossindustry.dk\/wp-content\/uploads\/2023\/09\/Surface-Plating-2048x1424.jpg 2048w\" sizes=\"(max-width: 800px) 100vw, 800px\" \/>\t\t\t\t\t\t\t\t\t\t\t\t\t\t\t<\/div>\n\t\t\t\t<\/div>\n\t\t\t\t\t<\/div>\n\t\t<\/div>\n\t\t\t\t<div class=\"elementor-column elementor-col-50 elementor-inner-column elementor-element elementor-element-2ce8a9a3\" data-id=\"2ce8a9a3\" data-element_type=\"column\" data-e-type=\"column\">\n\t\t\t<div class=\"elementor-widget-wrap elementor-element-populated\">\n\t\t\t\t\t\t<div class=\"elementor-element elementor-element-35651f87 elementor-widget elementor-widget-heading\" data-id=\"35651f87\" data-element_type=\"widget\" data-e-type=\"widget\" data-widget_type=\"heading.default\">\n\t\t\t\t<div class=\"elementor-widget-container\">\n\t\t\t\t\t<h2 class=\"elementor-heading-title elementor-size-default\">Facts<\/h2>\t\t\t\t<\/div>\n\t\t\t\t<\/div>\n\t\t\t\t<div class=\"elementor-element elementor-element-331173c elementor-widget elementor-widget-text-editor\" data-id=\"331173c\" data-element_type=\"widget\" data-e-type=\"widget\" data-widget_type=\"text-editor.default\">\n\t\t\t\t<div class=\"elementor-widget-container\">\n\t\t\t\t\t\t\t\t\t<ul><li>Voss Industry can supply corrosion test results for plating (Grit test &amp; thickness).<\/li><li>Also helps customers establish requirements for visual inspection.<\/li><li>All plating is carried out by suppliers with direct requirements to protect the environment.<\/li><li>All coatings are free of hazardous materials and require full filling in the REACH and Rohs directives.<\/li><\/ul>\t\t\t\t\t\t\t\t<\/div>\n\t\t\t\t<\/div>\n\t\t\t\t<div class=\"elementor-element elementor-element-1d3f13c elementor-widget elementor-widget-button\" data-id=\"1d3f13c\" data-element_type=\"widget\" data-e-type=\"widget\" data-widget_type=\"button.default\">\n\t\t\t\t<div class=\"elementor-widget-container\">\n\t\t\t\t\t\t\t\t\t<div class=\"elementor-button-wrapper\">\n\t\t\t\t\t<a class=\"elementor-button elementor-button-link elementor-size-sm\" href=\"https:\/\/vossindustry.dk\/en\/tilbud\/\">\n\t\t\t\t\t\t<span class=\"elementor-button-content-wrapper\">\n\t\t\t\t\t\t\t\t\t<span class=\"elementor-button-text\">Get an offer<\/span>\n\t\t\t\t\t<\/span>\n\t\t\t\t\t<\/a>\n\t\t\t\t<\/div>\n\t\t\t\t\t\t\t\t<\/div>\n\t\t\t\t<\/div>\n\t\t\t\t\t<\/div>\n\t\t<\/div>\n\t\t\t\t\t<\/div>\n\t\t<\/section>\n\t\t\t\t\t<\/div>\n\t\t<\/div>\n\t\t\t\t\t<\/div>\n\t\t<\/section>\n\t\t\t\t<\/div>","protected":false},"excerpt":{"rendered":"<p>Overfladebel\u00e6gning Overfladebel\u00e6gning L\u00e6s mere om os Voss har flere udvalgte samarbejdspartnere, som er eksperter inden for overfladebel\u00e6gning af adskillige typer materialer. Voss leverer dele til forskellige industrier og kan levere komponenter med de n\u00f8dvendige egenskaber. For metaldele kan vi g\u00f8re: Korrosionsbestandighed, Varmforzinkning, Elektrozinkbel\u00e6gning, Geomet Dacrome, Anodisering, Elektroniske dele, Kobberbel\u00e6gning, Ni-bel\u00e6gning, Sn-bel\u00e6gning, S\u00f8lvbel\u00e6gning, Guldbel\u00e6gning, Dekorative dele, [&hellip;]<\/p>\n","protected":false},"author":1,"featured_media":950,"parent":0,"menu_order":0,"comment_status":"closed","ping_status":"closed","template":"","meta":{"iawp_total_views":187,"footnotes":""},"class_list":["post-537","page","type-page","status-publish","has-post-thumbnail","hentry"],"yoast_head":"<!-- This site is optimized with the Yoast SEO plugin v27.4 - https:\/\/yoast.com\/product\/yoast-seo-wordpress\/ -->\n<title>Surface Plating - Voss Industry<\/title>\n<meta name=\"description\" content=\"Voss has several selected partners that are experts within surface plating of numerous types of materials.\" \/>\n<meta name=\"robots\" content=\"index, follow, max-snippet:-1, max-image-preview:large, max-video-preview:-1\" \/>\n<link rel=\"canonical\" href=\"https:\/\/vossindustry.dk\/en\/surfaceplating\/\" \/>\n<meta property=\"og:locale\" content=\"en_GB\" \/>\n<meta property=\"og:type\" content=\"article\" \/>\n<meta property=\"og:title\" content=\"Surface Plating - Voss Industry\" \/>\n<meta property=\"og:description\" content=\"Voss has several selected partners that are experts within surface plating of numerous types of materials.\" \/>\n<meta property=\"og:url\" content=\"https:\/\/vossindustry.dk\/en\/surfaceplating\/\" \/>\n<meta property=\"og:site_name\" content=\"Voss Industry\" \/>\n<meta property=\"article:modified_time\" content=\"2024-01-30T06:57:26+00:00\" \/>\n<meta property=\"og:image\" content=\"https:\/\/vossindustry.dk\/wp-content\/uploads\/2023\/09\/Surface-Plating-scaled.jpg\" \/>\n\t<meta property=\"og:image:width\" content=\"2560\" \/>\n\t<meta property=\"og:image:height\" content=\"1780\" \/>\n\t<meta property=\"og:image:type\" content=\"image\/jpeg\" \/>\n<meta name=\"twitter:card\" content=\"summary_large_image\" \/>\n<meta name=\"twitter:label1\" content=\"Estimated reading time\" \/>\n\t<meta name=\"twitter:data1\" content=\"1 minute\" \/>\n<script type=\"application\/ld+json\" class=\"yoast-schema-graph\">{\"@context\":\"https:\\\/\\\/schema.org\",\"@graph\":[{\"@type\":\"WebPage\",\"@id\":\"https:\\\/\\\/vossindustry.dk\\\/surfaceplating\\\/\",\"url\":\"https:\\\/\\\/vossindustry.dk\\\/surfaceplating\\\/\",\"name\":\"Surface Plating - Voss Industry\",\"isPartOf\":{\"@id\":\"https:\\\/\\\/vossindustry.dk\\\/#website\"},\"primaryImageOfPage\":{\"@id\":\"https:\\\/\\\/vossindustry.dk\\\/surfaceplating\\\/#primaryimage\"},\"image\":{\"@id\":\"https:\\\/\\\/vossindustry.dk\\\/surfaceplating\\\/#primaryimage\"},\"thumbnailUrl\":\"https:\\\/\\\/vossindustry.dk\\\/wp-content\\\/uploads\\\/2023\\\/09\\\/Surface-Plating-scaled.jpg\",\"datePublished\":\"2022-12-06T07:20:01+00:00\",\"dateModified\":\"2024-01-30T06:57:26+00:00\",\"description\":\"Voss has several selected partners that are experts within surface plating of numerous types of materials.\",\"breadcrumb\":{\"@id\":\"https:\\\/\\\/vossindustry.dk\\\/surfaceplating\\\/#breadcrumb\"},\"inLanguage\":\"en-GB\",\"potentialAction\":[{\"@type\":\"ReadAction\",\"target\":[\"https:\\\/\\\/vossindustry.dk\\\/surfaceplating\\\/\"]}]},{\"@type\":\"ImageObject\",\"inLanguage\":\"en-GB\",\"@id\":\"https:\\\/\\\/vossindustry.dk\\\/surfaceplating\\\/#primaryimage\",\"url\":\"https:\\\/\\\/vossindustry.dk\\\/wp-content\\\/uploads\\\/2023\\\/09\\\/Surface-Plating-scaled.jpg\",\"contentUrl\":\"https:\\\/\\\/vossindustry.dk\\\/wp-content\\\/uploads\\\/2023\\\/09\\\/Surface-Plating-scaled.jpg\",\"width\":2560,\"height\":1780,\"caption\":\"Surface Plating\"},{\"@type\":\"BreadcrumbList\",\"@id\":\"https:\\\/\\\/vossindustry.dk\\\/surfaceplating\\\/#breadcrumb\",\"itemListElement\":[{\"@type\":\"ListItem\",\"position\":1,\"name\":\"Home\",\"item\":\"https:\\\/\\\/vossindustry.dk\\\/\"},{\"@type\":\"ListItem\",\"position\":2,\"name\":\"Surface Plating\"}]},{\"@type\":\"WebSite\",\"@id\":\"https:\\\/\\\/vossindustry.dk\\\/#website\",\"url\":\"https:\\\/\\\/vossindustry.dk\\\/\",\"name\":\"Voss Industry\",\"description\":\"Global sourcing &amp; value creation\",\"publisher\":{\"@id\":\"https:\\\/\\\/vossindustry.dk\\\/#organization\"},\"potentialAction\":[{\"@type\":\"SearchAction\",\"target\":{\"@type\":\"EntryPoint\",\"urlTemplate\":\"https:\\\/\\\/vossindustry.dk\\\/?s={search_term_string}\"},\"query-input\":{\"@type\":\"PropertyValueSpecification\",\"valueRequired\":true,\"valueName\":\"search_term_string\"}}],\"inLanguage\":\"en-GB\"},{\"@type\":\"Organization\",\"@id\":\"https:\\\/\\\/vossindustry.dk\\\/#organization\",\"name\":\"Voss Industry\",\"url\":\"https:\\\/\\\/vossindustry.dk\\\/\",\"logo\":{\"@type\":\"ImageObject\",\"inLanguage\":\"en-GB\",\"@id\":\"https:\\\/\\\/vossindustry.dk\\\/#\\\/schema\\\/logo\\\/image\\\/\",\"url\":\"https:\\\/\\\/vossindustry.dk\\\/wp-content\\\/uploads\\\/2022\\\/11\\\/VossLogoSVG-01.svg\",\"contentUrl\":\"https:\\\/\\\/vossindustry.dk\\\/wp-content\\\/uploads\\\/2022\\\/11\\\/VossLogoSVG-01.svg\",\"width\":365,\"height\":110,\"caption\":\"Voss Industry\"},\"image\":{\"@id\":\"https:\\\/\\\/vossindustry.dk\\\/#\\\/schema\\\/logo\\\/image\\\/\"}}]}<\/script>\n<!-- \/ Yoast SEO plugin. -->","yoast_head_json":{"title":"Surface Plating - Voss Industry","description":"Voss has several selected partners that are experts within surface plating of numerous types of materials.","robots":{"index":"index","follow":"follow","max-snippet":"max-snippet:-1","max-image-preview":"max-image-preview:large","max-video-preview":"max-video-preview:-1"},"canonical":"https:\/\/vossindustry.dk\/en\/surfaceplating\/","og_locale":"en_GB","og_type":"article","og_title":"Surface Plating - Voss Industry","og_description":"Voss has several selected partners that are experts within surface plating of numerous types of materials.","og_url":"https:\/\/vossindustry.dk\/en\/surfaceplating\/","og_site_name":"Voss Industry","article_modified_time":"2024-01-30T06:57:26+00:00","og_image":[{"width":2560,"height":1780,"url":"https:\/\/vossindustry.dk\/wp-content\/uploads\/2023\/09\/Surface-Plating-scaled.jpg","type":"image\/jpeg"}],"twitter_card":"summary_large_image","twitter_misc":{"Estimated reading time":"1 minute"},"schema":{"@context":"https:\/\/schema.org","@graph":[{"@type":"WebPage","@id":"https:\/\/vossindustry.dk\/surfaceplating\/","url":"https:\/\/vossindustry.dk\/surfaceplating\/","name":"Surface Plating - Voss Industry","isPartOf":{"@id":"https:\/\/vossindustry.dk\/#website"},"primaryImageOfPage":{"@id":"https:\/\/vossindustry.dk\/surfaceplating\/#primaryimage"},"image":{"@id":"https:\/\/vossindustry.dk\/surfaceplating\/#primaryimage"},"thumbnailUrl":"https:\/\/vossindustry.dk\/wp-content\/uploads\/2023\/09\/Surface-Plating-scaled.jpg","datePublished":"2022-12-06T07:20:01+00:00","dateModified":"2024-01-30T06:57:26+00:00","description":"Voss has several selected partners that are experts within surface plating of numerous types of materials.","breadcrumb":{"@id":"https:\/\/vossindustry.dk\/surfaceplating\/#breadcrumb"},"inLanguage":"en-GB","potentialAction":[{"@type":"ReadAction","target":["https:\/\/vossindustry.dk\/surfaceplating\/"]}]},{"@type":"ImageObject","inLanguage":"en-GB","@id":"https:\/\/vossindustry.dk\/surfaceplating\/#primaryimage","url":"https:\/\/vossindustry.dk\/wp-content\/uploads\/2023\/09\/Surface-Plating-scaled.jpg","contentUrl":"https:\/\/vossindustry.dk\/wp-content\/uploads\/2023\/09\/Surface-Plating-scaled.jpg","width":2560,"height":1780,"caption":"Surface Plating"},{"@type":"BreadcrumbList","@id":"https:\/\/vossindustry.dk\/surfaceplating\/#breadcrumb","itemListElement":[{"@type":"ListItem","position":1,"name":"Home","item":"https:\/\/vossindustry.dk\/"},{"@type":"ListItem","position":2,"name":"Surface Plating"}]},{"@type":"WebSite","@id":"https:\/\/vossindustry.dk\/#website","url":"https:\/\/vossindustry.dk\/","name":"Voss Industry","description":"Global sourcing &amp; value creation","publisher":{"@id":"https:\/\/vossindustry.dk\/#organization"},"potentialAction":[{"@type":"SearchAction","target":{"@type":"EntryPoint","urlTemplate":"https:\/\/vossindustry.dk\/?s={search_term_string}"},"query-input":{"@type":"PropertyValueSpecification","valueRequired":true,"valueName":"search_term_string"}}],"inLanguage":"en-GB"},{"@type":"Organization","@id":"https:\/\/vossindustry.dk\/#organization","name":"Voss Industry","url":"https:\/\/vossindustry.dk\/","logo":{"@type":"ImageObject","inLanguage":"en-GB","@id":"https:\/\/vossindustry.dk\/#\/schema\/logo\/image\/","url":"https:\/\/vossindustry.dk\/wp-content\/uploads\/2022\/11\/VossLogoSVG-01.svg","contentUrl":"https:\/\/vossindustry.dk\/wp-content\/uploads\/2022\/11\/VossLogoSVG-01.svg","width":365,"height":110,"caption":"Voss Industry"},"image":{"@id":"https:\/\/vossindustry.dk\/#\/schema\/logo\/image\/"}}]}},"_links":{"self":[{"href":"https:\/\/vossindustry.dk\/en\/wp-json\/wp\/v2\/pages\/537","targetHints":{"allow":["GET"]}}],"collection":[{"href":"https:\/\/vossindustry.dk\/en\/wp-json\/wp\/v2\/pages"}],"about":[{"href":"https:\/\/vossindustry.dk\/en\/wp-json\/wp\/v2\/types\/page"}],"author":[{"embeddable":true,"href":"https:\/\/vossindustry.dk\/en\/wp-json\/wp\/v2\/users\/1"}],"replies":[{"embeddable":true,"href":"https:\/\/vossindustry.dk\/en\/wp-json\/wp\/v2\/comments?post=537"}],"version-history":[{"count":24,"href":"https:\/\/vossindustry.dk\/en\/wp-json\/wp\/v2\/pages\/537\/revisions"}],"predecessor-version":[{"id":1262,"href":"https:\/\/vossindustry.dk\/en\/wp-json\/wp\/v2\/pages\/537\/revisions\/1262"}],"wp:featuredmedia":[{"embeddable":true,"href":"https:\/\/vossindustry.dk\/en\/wp-json\/wp\/v2\/media\/950"}],"wp:attachment":[{"href":"https:\/\/vossindustry.dk\/en\/wp-json\/wp\/v2\/media?parent=537"}],"curies":[{"name":"wp","href":"https:\/\/api.w.org\/{rel}","templated":true}]}}