{"id":570,"date":"2022-12-06T07:25:59","date_gmt":"2022-12-06T07:25:59","guid":{"rendered":"https:\/\/vossindustry.com.web07.webtohosting.dk\/?page_id=570"},"modified":"2024-01-30T07:11:19","modified_gmt":"2024-01-30T07:11:19","slug":"metal-and-plastic-injection-molding","status":"publish","type":"page","link":"https:\/\/vossindustry.dk\/en\/metal-and-plastic-injection-molding\/","title":{"rendered":"Metal &amp; Plastic Injection Molding"},"content":{"rendered":"<div data-elementor-type=\"wp-page\" data-elementor-id=\"570\" class=\"elementor elementor-570\" data-elementor-post-type=\"page\">\n\t\t\t\t\t\t<section class=\"elementor-section elementor-top-section elementor-element elementor-element-50e5d523 elementor-section-boxed elementor-section-height-default elementor-section-height-default\" data-id=\"50e5d523\" data-element_type=\"section\" data-e-type=\"section\" data-settings=\"{&quot;background_background&quot;:&quot;classic&quot;}\">\n\t\t\t\t\t\t\t<div class=\"elementor-background-overlay\"><\/div>\n\t\t\t\t\t\t\t<div class=\"elementor-container elementor-column-gap-default\">\n\t\t\t\t\t<div class=\"elementor-column elementor-col-100 elementor-top-column elementor-element elementor-element-7c1bec13\" data-id=\"7c1bec13\" data-element_type=\"column\" data-e-type=\"column\">\n\t\t\t<div class=\"elementor-widget-wrap elementor-element-populated\">\n\t\t\t\t\t\t<section class=\"elementor-section elementor-inner-section elementor-element elementor-element-68138932 elementor-section-boxed elementor-section-height-default elementor-section-height-default\" data-id=\"68138932\" data-element_type=\"section\" data-e-type=\"section\">\n\t\t\t\t\t\t<div class=\"elementor-container elementor-column-gap-default\">\n\t\t\t\t\t<div class=\"elementor-column elementor-col-100 elementor-inner-column elementor-element elementor-element-3bb7ab5\" data-id=\"3bb7ab5\" data-element_type=\"column\" data-e-type=\"column\">\n\t\t\t<div class=\"elementor-widget-wrap elementor-element-populated\">\n\t\t\t\t\t\t<div class=\"elementor-element elementor-element-4140e53 elementor-widget elementor-widget-heading\" data-id=\"4140e53\" data-element_type=\"widget\" data-e-type=\"widget\" data-widget_type=\"heading.default\">\n\t\t\t\t<div class=\"elementor-widget-container\">\n\t\t\t\t\t<h1 class=\"elementor-heading-title elementor-size-default\">Metal and plastic injection molding<\/h1>\t\t\t\t<\/div>\n\t\t\t\t<\/div>\n\t\t\t\t\t<\/div>\n\t\t<\/div>\n\t\t\t\t\t<\/div>\n\t\t<\/section>\n\t\t\t\t\t<\/div>\n\t\t<\/div>\n\t\t\t\t\t<\/div>\n\t\t<\/section>\n\t\t\t\t<section class=\"elementor-section elementor-top-section elementor-element elementor-element-4e0a5a18 elementor-section-height-min-height elementor-section-boxed elementor-section-height-default elementor-section-items-middle\" data-id=\"4e0a5a18\" data-element_type=\"section\" data-e-type=\"section\" data-settings=\"{&quot;background_background&quot;:&quot;classic&quot;}\">\n\t\t\t\t\t\t<div class=\"elementor-container elementor-column-gap-default\">\n\t\t\t\t\t<div class=\"elementor-column elementor-col-100 elementor-top-column elementor-element elementor-element-648dcadd\" data-id=\"648dcadd\" data-element_type=\"column\" data-e-type=\"column\">\n\t\t\t<div class=\"elementor-widget-wrap elementor-element-populated\">\n\t\t\t\t\t\t<section class=\"elementor-section elementor-inner-section elementor-element elementor-element-867a73e elementor-section-boxed elementor-section-height-default elementor-section-height-default\" data-id=\"867a73e\" data-element_type=\"section\" data-e-type=\"section\">\n\t\t\t\t\t\t<div class=\"elementor-container elementor-column-gap-default\">\n\t\t\t\t\t<div class=\"elementor-column elementor-col-33 elementor-inner-column elementor-element elementor-element-3c6dd691\" data-id=\"3c6dd691\" data-element_type=\"column\" data-e-type=\"column\">\n\t\t\t<div class=\"elementor-widget-wrap elementor-element-populated\">\n\t\t\t\t\t\t<div class=\"elementor-element elementor-element-65422568 elementor-widget elementor-widget-heading\" data-id=\"65422568\" data-element_type=\"widget\" data-e-type=\"widget\" data-widget_type=\"heading.default\">\n\t\t\t\t<div class=\"elementor-widget-container\">\n\t\t\t\t\t<h2 class=\"elementor-heading-title elementor-size-default\">Metal and plastic injection molding<\/h2>\t\t\t\t<\/div>\n\t\t\t\t<\/div>\n\t\t\t\t<div class=\"elementor-element elementor-element-7737ba5e elementor-widget-divider--view-line elementor-widget elementor-widget-divider\" data-id=\"7737ba5e\" data-element_type=\"widget\" data-e-type=\"widget\" data-widget_type=\"divider.default\">\n\t\t\t\t<div class=\"elementor-widget-container\">\n\t\t\t\t\t\t\t<div class=\"elementor-divider\">\n\t\t\t<span class=\"elementor-divider-separator\">\n\t\t\t\t\t\t<\/span>\n\t\t<\/div>\n\t\t\t\t\t\t<\/div>\n\t\t\t\t<\/div>\n\t\t\t\t<div class=\"elementor-element elementor-element-c2775d4 elementor-widget elementor-widget-button\" data-id=\"c2775d4\" data-element_type=\"widget\" data-e-type=\"widget\" data-widget_type=\"button.default\">\n\t\t\t\t<div class=\"elementor-widget-container\">\n\t\t\t\t\t\t\t\t\t<div class=\"elementor-button-wrapper\">\n\t\t\t\t\t<a class=\"elementor-button elementor-button-link elementor-size-sm\" href=\"https:\/\/vossindustry.dk\/en\/om-os\/\">\n\t\t\t\t\t\t<span class=\"elementor-button-content-wrapper\">\n\t\t\t\t\t\t\t\t\t<span class=\"elementor-button-text\">Read more about us<\/span>\n\t\t\t\t\t<\/span>\n\t\t\t\t\t<\/a>\n\t\t\t\t<\/div>\n\t\t\t\t\t\t\t\t<\/div>\n\t\t\t\t<\/div>\n\t\t\t\t\t<\/div>\n\t\t<\/div>\n\t\t\t\t<div class=\"elementor-column elementor-col-33 elementor-inner-column elementor-element elementor-element-6afcdfbe\" data-id=\"6afcdfbe\" data-element_type=\"column\" data-e-type=\"column\">\n\t\t\t<div class=\"elementor-widget-wrap elementor-element-populated\">\n\t\t\t\t\t\t<div class=\"elementor-element elementor-element-222010f5 elementor-widget elementor-widget-text-editor\" data-id=\"222010f5\" data-element_type=\"widget\" data-e-type=\"widget\" data-widget_type=\"text-editor.default\">\n\t\t\t\t<div class=\"elementor-widget-container\">\n\t\t\t\t\t\t\t\t\t<p><strong>Injection molding of plastic<\/strong><\/p><p>Voss has several selected partners within Injection Molding and can offer parts within weights 0.2 g and up to 25 kg. Parts can be supplied with high surface quality and in both standard and virgin medical device materials. Voss can also carry out tests of material\/product properties, strength and durability.<\/p><p><strong>Metal injection molding<\/strong><\/p><p>The MIM process is quite similar to plastic injection molding and die casting. It can produce much the same shapes and configuration features. However, it is limited to relatively small, highly complex parts that would otherwise require extensive finishing<br \/>machining or assembly if carried out by another metal forming process. Voss supplies MIM parts up to 50 gram weight.<\/p>\t\t\t\t\t\t\t\t<\/div>\n\t\t\t\t<\/div>\n\t\t\t\t\t<\/div>\n\t\t<\/div>\n\t\t\t\t<div class=\"elementor-column elementor-col-33 elementor-inner-column elementor-element elementor-element-7619c07d\" data-id=\"7619c07d\" data-element_type=\"column\" data-e-type=\"column\">\n\t\t\t<div class=\"elementor-widget-wrap elementor-element-populated\">\n\t\t\t\t\t\t<div class=\"elementor-element elementor-element-7c7d46be elementor-widget elementor-widget-heading\" data-id=\"7c7d46be\" data-element_type=\"widget\" data-e-type=\"widget\" data-widget_type=\"heading.default\">\n\t\t\t\t<div class=\"elementor-widget-container\">\n\t\t\t\t\t<h2 class=\"elementor-heading-title elementor-size-default\">Do you need help?\n<\/h2>\t\t\t\t<\/div>\n\t\t\t\t<\/div>\n\t\t\t\t<div class=\"elementor-element elementor-element-4ad14fc elementor-widget elementor-widget-text-editor\" data-id=\"4ad14fc\" data-element_type=\"widget\" data-e-type=\"widget\" data-widget_type=\"text-editor.default\">\n\t\t\t\t<div class=\"elementor-widget-container\">\n\t\t\t\t\t\t\t\t\t<p>We are ready to help you solve your task.<\/p>\t\t\t\t\t\t\t\t<\/div>\n\t\t\t\t<\/div>\n\t\t\t\t<div class=\"elementor-element elementor-element-5914f76b elementor-list-item-link-inline elementor-icon-list--layout-traditional elementor-widget elementor-widget-icon-list\" data-id=\"5914f76b\" data-element_type=\"widget\" data-e-type=\"widget\" data-widget_type=\"icon-list.default\">\n\t\t\t\t<div class=\"elementor-widget-container\">\n\t\t\t\t\t\t\t<ul class=\"elementor-icon-list-items\">\n\t\t\t\t\t\t\t<li class=\"elementor-icon-list-item\">\n\t\t\t\t\t\t\t\t\t\t\t<a href=\"tel:%2059%2016%2035%2000\">\n\n\t\t\t\t\t\t\t\t\t\t\t\t<span class=\"elementor-icon-list-icon\">\n\t\t\t\t\t\t\t<i aria-hidden=\"true\" class=\"fas fa-phone-alt\"><\/i>\t\t\t\t\t\t<\/span>\n\t\t\t\t\t\t\t\t\t\t<span class=\"elementor-icon-list-text\">59 16 35 00<\/span>\n\t\t\t\t\t\t\t\t\t\t\t<\/a>\n\t\t\t\t\t\t\t\t\t<\/li>\n\t\t\t\t\t\t\t\t<li class=\"elementor-icon-list-item\">\n\t\t\t\t\t\t\t\t\t\t\t<a href=\"mailto:%20info@vossindustry.dk\">\n\n\t\t\t\t\t\t\t\t\t\t\t\t<span class=\"elementor-icon-list-icon\">\n\t\t\t\t\t\t\t<i aria-hidden=\"true\" class=\"fas fa-envelope\"><\/i>\t\t\t\t\t\t<\/span>\n\t\t\t\t\t\t\t\t\t\t<span class=\"elementor-icon-list-text\">info@vossindustry.dk<\/span>\n\t\t\t\t\t\t\t\t\t\t\t<\/a>\n\t\t\t\t\t\t\t\t\t<\/li>\n\t\t\t\t\t\t<\/ul>\n\t\t\t\t\t\t<\/div>\n\t\t\t\t<\/div>\n\t\t\t\t\t<\/div>\n\t\t<\/div>\n\t\t\t\t\t<\/div>\n\t\t<\/section>\n\t\t\t\t\t<\/div>\n\t\t<\/div>\n\t\t\t\t\t<\/div>\n\t\t<\/section>\n\t\t\t\t<section class=\"elementor-section elementor-top-section elementor-element elementor-element-56f4909f elementor-section-height-min-height elementor-section-boxed elementor-section-height-default elementor-section-items-middle\" data-id=\"56f4909f\" data-element_type=\"section\" data-e-type=\"section\" data-settings=\"{&quot;background_background&quot;:&quot;classic&quot;}\">\n\t\t\t\t\t\t<div class=\"elementor-container elementor-column-gap-default\">\n\t\t\t\t\t<div class=\"elementor-column elementor-col-100 elementor-top-column elementor-element elementor-element-1ab107fd\" data-id=\"1ab107fd\" data-element_type=\"column\" data-e-type=\"column\">\n\t\t\t<div class=\"elementor-widget-wrap elementor-element-populated\">\n\t\t\t\t\t\t<section class=\"elementor-section elementor-inner-section elementor-element elementor-element-7dc4775a elementor-section-boxed elementor-section-height-default elementor-section-height-default\" data-id=\"7dc4775a\" data-element_type=\"section\" data-e-type=\"section\">\n\t\t\t\t\t\t<div class=\"elementor-container elementor-column-gap-wider\">\n\t\t\t\t\t<div class=\"elementor-column elementor-col-50 elementor-inner-column elementor-element elementor-element-5d0b5d92\" data-id=\"5d0b5d92\" data-element_type=\"column\" data-e-type=\"column\">\n\t\t\t<div class=\"elementor-widget-wrap elementor-element-populated\">\n\t\t\t\t\t\t<div class=\"elementor-element elementor-element-639b202d elementor-widget elementor-widget-image\" data-id=\"639b202d\" data-element_type=\"widget\" data-e-type=\"widget\" data-widget_type=\"image.default\">\n\t\t\t\t<div class=\"elementor-widget-container\">\n\t\t\t\t\t\t\t\t\t\t\t\t\t\t\t<img fetchpriority=\"high\" decoding=\"async\" width=\"800\" height=\"477\" src=\"https:\/\/vossindustry.dk\/wp-content\/uploads\/2023\/09\/Plastic-injection-moulding-1024x610.jpg\" class=\"attachment-large size-large wp-image-953\" alt=\"Metal &amp; Plastic Injection Molding\" srcset=\"https:\/\/vossindustry.dk\/wp-content\/uploads\/2023\/09\/Plastic-injection-moulding-1024x610.jpg 1024w, https:\/\/vossindustry.dk\/wp-content\/uploads\/2023\/09\/Plastic-injection-moulding-300x179.jpg 300w, https:\/\/vossindustry.dk\/wp-content\/uploads\/2023\/09\/Plastic-injection-moulding-768x457.jpg 768w, https:\/\/vossindustry.dk\/wp-content\/uploads\/2023\/09\/Plastic-injection-moulding-1536x914.jpg 1536w, https:\/\/vossindustry.dk\/wp-content\/uploads\/2023\/09\/Plastic-injection-moulding.jpg 1920w\" sizes=\"(max-width: 800px) 100vw, 800px\" \/>\t\t\t\t\t\t\t\t\t\t\t\t\t\t\t<\/div>\n\t\t\t\t<\/div>\n\t\t\t\t\t<\/div>\n\t\t<\/div>\n\t\t\t\t<div class=\"elementor-column elementor-col-50 elementor-inner-column elementor-element elementor-element-465af5f1\" data-id=\"465af5f1\" data-element_type=\"column\" data-e-type=\"column\">\n\t\t\t<div class=\"elementor-widget-wrap elementor-element-populated\">\n\t\t\t\t\t\t<div class=\"elementor-element elementor-element-2535f6fd elementor-widget elementor-widget-heading\" data-id=\"2535f6fd\" data-element_type=\"widget\" data-e-type=\"widget\" data-widget_type=\"heading.default\">\n\t\t\t\t<div class=\"elementor-widget-container\">\n\t\t\t\t\t<h2 class=\"elementor-heading-title elementor-size-default\">Facts<\/h2>\t\t\t\t<\/div>\n\t\t\t\t<\/div>\n\t\t\t\t<div class=\"elementor-element elementor-element-20f075e3 elementor-widget elementor-widget-text-editor\" data-id=\"20f075e3\" data-element_type=\"widget\" data-e-type=\"widget\" data-widget_type=\"text-editor.default\">\n\t\t\t\t<div class=\"elementor-widget-container\">\n\t\t\t\t\t\t\t\t\t<p><strong>Raw material<\/strong><\/p><p>Voss Industry can supply Plastic Injection Molding (PIM) in various materials such as:<\/p><ul><li>ABS<\/li><li>ON<\/li><li>PC<\/li><li>PP<\/li><li>PVC<\/li><li>PURE<\/li><\/ul><p><strong><br \/>Raw material<\/strong><\/p><p>Voss Industry can supply Metal Injection Molding (MIM) in:<\/p><ul><li>Harden steel<\/li><li>AISi 304<\/li><li>AISi 316<\/li><li>Titanium<\/li><\/ul>\t\t\t\t\t\t\t\t<\/div>\n\t\t\t\t<\/div>\n\t\t\t\t<div class=\"elementor-element elementor-element-cde55c4 elementor-widget elementor-widget-button\" data-id=\"cde55c4\" data-element_type=\"widget\" data-e-type=\"widget\" data-widget_type=\"button.default\">\n\t\t\t\t<div class=\"elementor-widget-container\">\n\t\t\t\t\t\t\t\t\t<div class=\"elementor-button-wrapper\">\n\t\t\t\t\t<a class=\"elementor-button elementor-button-link elementor-size-sm\" href=\"https:\/\/vossindustry.dk\/en\/tilbud\/\">\n\t\t\t\t\t\t<span class=\"elementor-button-content-wrapper\">\n\t\t\t\t\t\t\t\t\t<span class=\"elementor-button-text\">Get an offer<\/span>\n\t\t\t\t\t<\/span>\n\t\t\t\t\t<\/a>\n\t\t\t\t<\/div>\n\t\t\t\t\t\t\t\t<\/div>\n\t\t\t\t<\/div>\n\t\t\t\t\t<\/div>\n\t\t<\/div>\n\t\t\t\t\t<\/div>\n\t\t<\/section>\n\t\t\t\t\t<\/div>\n\t\t<\/div>\n\t\t\t\t\t<\/div>\n\t\t<\/section>\n\t\t\t\t<\/div>","protected":false},"excerpt":{"rendered":"<p>Metal og plast spr\u00f8jtest\u00f8bning Metal og plast spr\u00f8jtest\u00f8bning L\u00e6s mere om os Spr\u00f8jtest\u00f8bning af plast Voss har flere udvalgte samarbejdspartnere indenfor Spr\u00f8jtest\u00f8bning og kan tilbyde dele indenfor v\u00e6gte 0, 2 g og op til 25 kg. Dele kan leveres med h\u00f8j overfladekvalitet og i b\u00e5de standard- og jomfrumaterialer til medicinsk udstyr. Voss kan ogs\u00e5 udf\u00f8re [&hellip;]<\/p>\n","protected":false},"author":1,"featured_media":953,"parent":0,"menu_order":0,"comment_status":"closed","ping_status":"closed","template":"","meta":{"iawp_total_views":183,"footnotes":""},"class_list":["post-570","page","type-page","status-publish","has-post-thumbnail","hentry"],"yoast_head":"<!-- This site is optimized with the Yoast SEO plugin v27.4 - https:\/\/yoast.com\/product\/yoast-seo-wordpress\/ -->\n<title>Metal &amp; Plastic Injection Molding - Voss Industry<\/title>\n<meta name=\"description\" content=\"Voss has several selected partners within Injection molding and can offer parts within weights 0, 2 g and up to 25 kg.\" \/>\n<meta name=\"robots\" content=\"index, follow, max-snippet:-1, max-image-preview:large, max-video-preview:-1\" \/>\n<link rel=\"canonical\" href=\"https:\/\/vossindustry.dk\/en\/metal-and-plastic-injection-molding\/\" \/>\n<meta property=\"og:locale\" content=\"en_GB\" \/>\n<meta property=\"og:type\" content=\"article\" \/>\n<meta property=\"og:title\" content=\"Metal &amp; Plastic Injection Molding - Voss Industry\" \/>\n<meta property=\"og:description\" content=\"Voss has several selected partners within Injection molding and can offer parts within weights 0, 2 g and up to 25 kg.\" \/>\n<meta property=\"og:url\" content=\"https:\/\/vossindustry.dk\/en\/metal-and-plastic-injection-molding\/\" \/>\n<meta property=\"og:site_name\" content=\"Voss Industry\" \/>\n<meta property=\"article:modified_time\" content=\"2024-01-30T07:11:19+00:00\" \/>\n<meta property=\"og:image\" content=\"https:\/\/vossindustry.dk\/wp-content\/uploads\/2023\/09\/Plastic-injection-moulding.jpg\" \/>\n\t<meta property=\"og:image:width\" content=\"1920\" \/>\n\t<meta property=\"og:image:height\" content=\"1143\" \/>\n\t<meta property=\"og:image:type\" content=\"image\/jpeg\" \/>\n<meta name=\"twitter:card\" content=\"summary_large_image\" \/>\n<meta name=\"twitter:label1\" content=\"Estimated reading time\" \/>\n\t<meta name=\"twitter:data1\" content=\"2 minutes\" \/>\n<script type=\"application\/ld+json\" class=\"yoast-schema-graph\">{\"@context\":\"https:\\\/\\\/schema.org\",\"@graph\":[{\"@type\":\"WebPage\",\"@id\":\"https:\\\/\\\/vossindustry.dk\\\/metal-and-plastic-injection-molding\\\/\",\"url\":\"https:\\\/\\\/vossindustry.dk\\\/metal-and-plastic-injection-molding\\\/\",\"name\":\"Metal & Plastic Injection Molding - Voss Industry\",\"isPartOf\":{\"@id\":\"https:\\\/\\\/vossindustry.dk\\\/#website\"},\"primaryImageOfPage\":{\"@id\":\"https:\\\/\\\/vossindustry.dk\\\/metal-and-plastic-injection-molding\\\/#primaryimage\"},\"image\":{\"@id\":\"https:\\\/\\\/vossindustry.dk\\\/metal-and-plastic-injection-molding\\\/#primaryimage\"},\"thumbnailUrl\":\"https:\\\/\\\/vossindustry.dk\\\/wp-content\\\/uploads\\\/2023\\\/09\\\/Plastic-injection-moulding.jpg\",\"datePublished\":\"2022-12-06T07:25:59+00:00\",\"dateModified\":\"2024-01-30T07:11:19+00:00\",\"description\":\"Voss has several selected partners within Injection molding and can offer parts within weights 0, 2 g and up to 25 kg.\",\"breadcrumb\":{\"@id\":\"https:\\\/\\\/vossindustry.dk\\\/metal-and-plastic-injection-molding\\\/#breadcrumb\"},\"inLanguage\":\"en-GB\",\"potentialAction\":[{\"@type\":\"ReadAction\",\"target\":[\"https:\\\/\\\/vossindustry.dk\\\/metal-and-plastic-injection-molding\\\/\"]}]},{\"@type\":\"ImageObject\",\"inLanguage\":\"en-GB\",\"@id\":\"https:\\\/\\\/vossindustry.dk\\\/metal-and-plastic-injection-molding\\\/#primaryimage\",\"url\":\"https:\\\/\\\/vossindustry.dk\\\/wp-content\\\/uploads\\\/2023\\\/09\\\/Plastic-injection-moulding.jpg\",\"contentUrl\":\"https:\\\/\\\/vossindustry.dk\\\/wp-content\\\/uploads\\\/2023\\\/09\\\/Plastic-injection-moulding.jpg\",\"width\":1920,\"height\":1143,\"caption\":\"Metal & Plastic Injection Molding\"},{\"@type\":\"BreadcrumbList\",\"@id\":\"https:\\\/\\\/vossindustry.dk\\\/metal-and-plastic-injection-molding\\\/#breadcrumb\",\"itemListElement\":[{\"@type\":\"ListItem\",\"position\":1,\"name\":\"Home\",\"item\":\"https:\\\/\\\/vossindustry.dk\\\/\"},{\"@type\":\"ListItem\",\"position\":2,\"name\":\"Metal &#038; Plastic Injection Molding\"}]},{\"@type\":\"WebSite\",\"@id\":\"https:\\\/\\\/vossindustry.dk\\\/#website\",\"url\":\"https:\\\/\\\/vossindustry.dk\\\/\",\"name\":\"Voss Industry\",\"description\":\"Global sourcing &amp; value creation\",\"publisher\":{\"@id\":\"https:\\\/\\\/vossindustry.dk\\\/#organization\"},\"potentialAction\":[{\"@type\":\"SearchAction\",\"target\":{\"@type\":\"EntryPoint\",\"urlTemplate\":\"https:\\\/\\\/vossindustry.dk\\\/?s={search_term_string}\"},\"query-input\":{\"@type\":\"PropertyValueSpecification\",\"valueRequired\":true,\"valueName\":\"search_term_string\"}}],\"inLanguage\":\"en-GB\"},{\"@type\":\"Organization\",\"@id\":\"https:\\\/\\\/vossindustry.dk\\\/#organization\",\"name\":\"Voss Industry\",\"url\":\"https:\\\/\\\/vossindustry.dk\\\/\",\"logo\":{\"@type\":\"ImageObject\",\"inLanguage\":\"en-GB\",\"@id\":\"https:\\\/\\\/vossindustry.dk\\\/#\\\/schema\\\/logo\\\/image\\\/\",\"url\":\"https:\\\/\\\/vossindustry.dk\\\/wp-content\\\/uploads\\\/2022\\\/11\\\/VossLogoSVG-01.svg\",\"contentUrl\":\"https:\\\/\\\/vossindustry.dk\\\/wp-content\\\/uploads\\\/2022\\\/11\\\/VossLogoSVG-01.svg\",\"width\":365,\"height\":110,\"caption\":\"Voss Industry\"},\"image\":{\"@id\":\"https:\\\/\\\/vossindustry.dk\\\/#\\\/schema\\\/logo\\\/image\\\/\"}}]}<\/script>\n<!-- \/ Yoast SEO plugin. -->","yoast_head_json":{"title":"Metal & Plastic Injection Molding - Voss Industry","description":"Voss has several selected partners within Injection molding and can offer parts within weights 0, 2 g and up to 25 kg.","robots":{"index":"index","follow":"follow","max-snippet":"max-snippet:-1","max-image-preview":"max-image-preview:large","max-video-preview":"max-video-preview:-1"},"canonical":"https:\/\/vossindustry.dk\/en\/metal-and-plastic-injection-molding\/","og_locale":"en_GB","og_type":"article","og_title":"Metal & Plastic Injection Molding - Voss Industry","og_description":"Voss has several selected partners within Injection molding and can offer parts within weights 0, 2 g and up to 25 kg.","og_url":"https:\/\/vossindustry.dk\/en\/metal-and-plastic-injection-molding\/","og_site_name":"Voss Industry","article_modified_time":"2024-01-30T07:11:19+00:00","og_image":[{"width":1920,"height":1143,"url":"https:\/\/vossindustry.dk\/wp-content\/uploads\/2023\/09\/Plastic-injection-moulding.jpg","type":"image\/jpeg"}],"twitter_card":"summary_large_image","twitter_misc":{"Estimated reading time":"2 minutes"},"schema":{"@context":"https:\/\/schema.org","@graph":[{"@type":"WebPage","@id":"https:\/\/vossindustry.dk\/metal-and-plastic-injection-molding\/","url":"https:\/\/vossindustry.dk\/metal-and-plastic-injection-molding\/","name":"Metal & Plastic Injection Molding - Voss Industry","isPartOf":{"@id":"https:\/\/vossindustry.dk\/#website"},"primaryImageOfPage":{"@id":"https:\/\/vossindustry.dk\/metal-and-plastic-injection-molding\/#primaryimage"},"image":{"@id":"https:\/\/vossindustry.dk\/metal-and-plastic-injection-molding\/#primaryimage"},"thumbnailUrl":"https:\/\/vossindustry.dk\/wp-content\/uploads\/2023\/09\/Plastic-injection-moulding.jpg","datePublished":"2022-12-06T07:25:59+00:00","dateModified":"2024-01-30T07:11:19+00:00","description":"Voss has several selected partners within Injection molding and can offer parts within weights 0, 2 g and up to 25 kg.","breadcrumb":{"@id":"https:\/\/vossindustry.dk\/metal-and-plastic-injection-molding\/#breadcrumb"},"inLanguage":"en-GB","potentialAction":[{"@type":"ReadAction","target":["https:\/\/vossindustry.dk\/metal-and-plastic-injection-molding\/"]}]},{"@type":"ImageObject","inLanguage":"en-GB","@id":"https:\/\/vossindustry.dk\/metal-and-plastic-injection-molding\/#primaryimage","url":"https:\/\/vossindustry.dk\/wp-content\/uploads\/2023\/09\/Plastic-injection-moulding.jpg","contentUrl":"https:\/\/vossindustry.dk\/wp-content\/uploads\/2023\/09\/Plastic-injection-moulding.jpg","width":1920,"height":1143,"caption":"Metal & Plastic Injection Molding"},{"@type":"BreadcrumbList","@id":"https:\/\/vossindustry.dk\/metal-and-plastic-injection-molding\/#breadcrumb","itemListElement":[{"@type":"ListItem","position":1,"name":"Home","item":"https:\/\/vossindustry.dk\/"},{"@type":"ListItem","position":2,"name":"Metal &#038; Plastic Injection Molding"}]},{"@type":"WebSite","@id":"https:\/\/vossindustry.dk\/#website","url":"https:\/\/vossindustry.dk\/","name":"Voss Industry","description":"Global sourcing &amp; value creation","publisher":{"@id":"https:\/\/vossindustry.dk\/#organization"},"potentialAction":[{"@type":"SearchAction","target":{"@type":"EntryPoint","urlTemplate":"https:\/\/vossindustry.dk\/?s={search_term_string}"},"query-input":{"@type":"PropertyValueSpecification","valueRequired":true,"valueName":"search_term_string"}}],"inLanguage":"en-GB"},{"@type":"Organization","@id":"https:\/\/vossindustry.dk\/#organization","name":"Voss Industry","url":"https:\/\/vossindustry.dk\/","logo":{"@type":"ImageObject","inLanguage":"en-GB","@id":"https:\/\/vossindustry.dk\/#\/schema\/logo\/image\/","url":"https:\/\/vossindustry.dk\/wp-content\/uploads\/2022\/11\/VossLogoSVG-01.svg","contentUrl":"https:\/\/vossindustry.dk\/wp-content\/uploads\/2022\/11\/VossLogoSVG-01.svg","width":365,"height":110,"caption":"Voss Industry"},"image":{"@id":"https:\/\/vossindustry.dk\/#\/schema\/logo\/image\/"}}]}},"_links":{"self":[{"href":"https:\/\/vossindustry.dk\/en\/wp-json\/wp\/v2\/pages\/570","targetHints":{"allow":["GET"]}}],"collection":[{"href":"https:\/\/vossindustry.dk\/en\/wp-json\/wp\/v2\/pages"}],"about":[{"href":"https:\/\/vossindustry.dk\/en\/wp-json\/wp\/v2\/types\/page"}],"author":[{"embeddable":true,"href":"https:\/\/vossindustry.dk\/en\/wp-json\/wp\/v2\/users\/1"}],"replies":[{"embeddable":true,"href":"https:\/\/vossindustry.dk\/en\/wp-json\/wp\/v2\/comments?post=570"}],"version-history":[{"count":16,"href":"https:\/\/vossindustry.dk\/en\/wp-json\/wp\/v2\/pages\/570\/revisions"}],"predecessor-version":[{"id":1272,"href":"https:\/\/vossindustry.dk\/en\/wp-json\/wp\/v2\/pages\/570\/revisions\/1272"}],"wp:featuredmedia":[{"embeddable":true,"href":"https:\/\/vossindustry.dk\/en\/wp-json\/wp\/v2\/media\/953"}],"wp:attachment":[{"href":"https:\/\/vossindustry.dk\/en\/wp-json\/wp\/v2\/media?parent=570"}],"curies":[{"name":"wp","href":"https:\/\/api.w.org\/{rel}","templated":true}]}}