{"id":586,"date":"2022-12-06T07:30:22","date_gmt":"2022-12-06T07:30:22","guid":{"rendered":"https:\/\/vossindustry.com.web07.webtohosting.dk\/?page_id=586"},"modified":"2024-01-30T07:23:57","modified_gmt":"2024-01-30T07:23:57","slug":"prototyping-and-3dprinting","status":"publish","type":"page","link":"https:\/\/vossindustry.dk\/en\/prototyping-and-3dprinting\/","title":{"rendered":"Prototyping and 3D Printing"},"content":{"rendered":"<div data-elementor-type=\"wp-page\" data-elementor-id=\"586\" class=\"elementor elementor-586\" data-elementor-post-type=\"page\">\n\t\t\t\t\t\t<section class=\"elementor-section elementor-top-section elementor-element elementor-element-5fd2d0ba elementor-section-boxed elementor-section-height-default elementor-section-height-default\" data-id=\"5fd2d0ba\" data-element_type=\"section\" data-e-type=\"section\" data-settings=\"{&quot;background_background&quot;:&quot;classic&quot;}\">\n\t\t\t\t\t\t\t<div class=\"elementor-background-overlay\"><\/div>\n\t\t\t\t\t\t\t<div class=\"elementor-container elementor-column-gap-default\">\n\t\t\t\t\t<div class=\"elementor-column elementor-col-100 elementor-top-column elementor-element elementor-element-13e34a3e\" data-id=\"13e34a3e\" data-element_type=\"column\" data-e-type=\"column\">\n\t\t\t<div class=\"elementor-widget-wrap elementor-element-populated\">\n\t\t\t\t\t\t<section class=\"elementor-section elementor-inner-section elementor-element elementor-element-482b441f elementor-section-boxed elementor-section-height-default elementor-section-height-default\" data-id=\"482b441f\" data-element_type=\"section\" data-e-type=\"section\">\n\t\t\t\t\t\t<div class=\"elementor-container elementor-column-gap-default\">\n\t\t\t\t\t<div class=\"elementor-column elementor-col-100 elementor-inner-column elementor-element elementor-element-3d378440\" data-id=\"3d378440\" data-element_type=\"column\" data-e-type=\"column\">\n\t\t\t<div class=\"elementor-widget-wrap elementor-element-populated\">\n\t\t\t\t\t\t<div class=\"elementor-element elementor-element-6aeacafe elementor-widget elementor-widget-heading\" data-id=\"6aeacafe\" data-element_type=\"widget\" data-e-type=\"widget\" data-widget_type=\"heading.default\">\n\t\t\t\t<div class=\"elementor-widget-container\">\n\t\t\t\t\t<h1 class=\"elementor-heading-title elementor-size-default\">Prototyping and 3D printing\n<\/h1>\t\t\t\t<\/div>\n\t\t\t\t<\/div>\n\t\t\t\t\t<\/div>\n\t\t<\/div>\n\t\t\t\t\t<\/div>\n\t\t<\/section>\n\t\t\t\t\t<\/div>\n\t\t<\/div>\n\t\t\t\t\t<\/div>\n\t\t<\/section>\n\t\t\t\t<section class=\"elementor-section elementor-top-section elementor-element elementor-element-13830eec elementor-section-height-min-height elementor-section-boxed elementor-section-height-default elementor-section-items-middle\" data-id=\"13830eec\" data-element_type=\"section\" data-e-type=\"section\" data-settings=\"{&quot;background_background&quot;:&quot;classic&quot;}\">\n\t\t\t\t\t\t<div class=\"elementor-container elementor-column-gap-default\">\n\t\t\t\t\t<div class=\"elementor-column elementor-col-100 elementor-top-column elementor-element elementor-element-78f8d4b2\" data-id=\"78f8d4b2\" data-element_type=\"column\" data-e-type=\"column\">\n\t\t\t<div class=\"elementor-widget-wrap elementor-element-populated\">\n\t\t\t\t\t\t<section class=\"elementor-section elementor-inner-section elementor-element elementor-element-36c7138 elementor-section-boxed elementor-section-height-default elementor-section-height-default\" data-id=\"36c7138\" data-element_type=\"section\" data-e-type=\"section\">\n\t\t\t\t\t\t<div class=\"elementor-container elementor-column-gap-default\">\n\t\t\t\t\t<div class=\"elementor-column elementor-col-33 elementor-inner-column elementor-element elementor-element-18e751eb\" data-id=\"18e751eb\" data-element_type=\"column\" data-e-type=\"column\">\n\t\t\t<div class=\"elementor-widget-wrap elementor-element-populated\">\n\t\t\t\t\t\t<div class=\"elementor-element elementor-element-5c87b7d0 elementor-widget elementor-widget-heading\" data-id=\"5c87b7d0\" data-element_type=\"widget\" data-e-type=\"widget\" data-widget_type=\"heading.default\">\n\t\t\t\t<div class=\"elementor-widget-container\">\n\t\t\t\t\t<h2 class=\"elementor-heading-title elementor-size-default\">Prototyping and 3D printing\n<\/h2>\t\t\t\t<\/div>\n\t\t\t\t<\/div>\n\t\t\t\t<div class=\"elementor-element elementor-element-50ab7bc4 elementor-widget-divider--view-line elementor-widget elementor-widget-divider\" data-id=\"50ab7bc4\" data-element_type=\"widget\" data-e-type=\"widget\" data-widget_type=\"divider.default\">\n\t\t\t\t<div class=\"elementor-widget-container\">\n\t\t\t\t\t\t\t<div class=\"elementor-divider\">\n\t\t\t<span class=\"elementor-divider-separator\">\n\t\t\t\t\t\t<\/span>\n\t\t<\/div>\n\t\t\t\t\t\t<\/div>\n\t\t\t\t<\/div>\n\t\t\t\t<div class=\"elementor-element elementor-element-6dbdfba6 elementor-widget elementor-widget-button\" data-id=\"6dbdfba6\" data-element_type=\"widget\" data-e-type=\"widget\" data-widget_type=\"button.default\">\n\t\t\t\t<div class=\"elementor-widget-container\">\n\t\t\t\t\t\t\t\t\t<div class=\"elementor-button-wrapper\">\n\t\t\t\t\t<a class=\"elementor-button elementor-button-link elementor-size-sm\" href=\"https:\/\/vossindustry.dk\/en\/om-os\/\">\n\t\t\t\t\t\t<span class=\"elementor-button-content-wrapper\">\n\t\t\t\t\t\t\t\t\t<span class=\"elementor-button-text\">Read more about us<\/span>\n\t\t\t\t\t<\/span>\n\t\t\t\t\t<\/a>\n\t\t\t\t<\/div>\n\t\t\t\t\t\t\t\t<\/div>\n\t\t\t\t<\/div>\n\t\t\t\t\t<\/div>\n\t\t<\/div>\n\t\t\t\t<div class=\"elementor-column elementor-col-33 elementor-inner-column elementor-element elementor-element-629f217c\" data-id=\"629f217c\" data-element_type=\"column\" data-e-type=\"column\">\n\t\t\t<div class=\"elementor-widget-wrap elementor-element-populated\">\n\t\t\t\t\t\t<div class=\"elementor-element elementor-element-5f7b5c50 elementor-widget elementor-widget-text-editor\" data-id=\"5f7b5c50\" data-element_type=\"widget\" data-e-type=\"widget\" data-widget_type=\"text-editor.default\">\n\t\t\t\t<div class=\"elementor-widget-container\">\n\t\t\t\t\t\t\t\t\t<p><strong>Voss has several selected partners who are experts in rapid prototyping. We also have our own 3D printer that can print in two materials at the same time with high accuracy.<\/strong><\/p>\t\t\t\t\t\t\t\t<\/div>\n\t\t\t\t<\/div>\n\t\t\t\t<div class=\"elementor-element elementor-element-239f14e1 elementor-widget elementor-widget-text-editor\" data-id=\"239f14e1\" data-element_type=\"widget\" data-e-type=\"widget\" data-widget_type=\"text-editor.default\">\n\t\t\t\t<div class=\"elementor-widget-container\">\n\t\t\t\t\t\t\t\t\t<p>In addition, we perform laser cutting of various materials as well as manual bending of parts that are punched and spot welded, so that the function of the items can be tested on a small scale before demand for tools for finished production tools begins.<\/p><p>Expected time it takes for a fully functional prototype is between 1-4 weeks depending on how complex the part\/product is.<\/p><p>Voss industri always offers measurements of prototypes we produce, and can also carry out<br \/>individual product tests. The product can be salt spray tested for corrosion protection &amp; tension\/compression tested for measuring strength. We can also provide a simple test of stresses in molded plastic parts &amp; hardness of hardened material and measurements of coating thickness in collaboration with our external partners. We also offer mold flow analyzes on molds for metal and plastic parts.<\/p>\t\t\t\t\t\t\t\t<\/div>\n\t\t\t\t<\/div>\n\t\t\t\t\t<\/div>\n\t\t<\/div>\n\t\t\t\t<div class=\"elementor-column elementor-col-33 elementor-inner-column elementor-element elementor-element-7bc9cbba\" data-id=\"7bc9cbba\" data-element_type=\"column\" data-e-type=\"column\">\n\t\t\t<div class=\"elementor-widget-wrap elementor-element-populated\">\n\t\t\t\t\t\t<div class=\"elementor-element elementor-element-5f68f400 elementor-widget elementor-widget-heading\" data-id=\"5f68f400\" data-element_type=\"widget\" data-e-type=\"widget\" data-widget_type=\"heading.default\">\n\t\t\t\t<div class=\"elementor-widget-container\">\n\t\t\t\t\t<h2 class=\"elementor-heading-title elementor-size-default\">Do you need help?\n<\/h2>\t\t\t\t<\/div>\n\t\t\t\t<\/div>\n\t\t\t\t<div class=\"elementor-element elementor-element-360b08cf elementor-widget elementor-widget-text-editor\" data-id=\"360b08cf\" data-element_type=\"widget\" data-e-type=\"widget\" data-widget_type=\"text-editor.default\">\n\t\t\t\t<div class=\"elementor-widget-container\">\n\t\t\t\t\t\t\t\t\t<p>We are ready to help you solve your task.<\/p>\t\t\t\t\t\t\t\t<\/div>\n\t\t\t\t<\/div>\n\t\t\t\t<div class=\"elementor-element elementor-element-2c31af92 elementor-list-item-link-inline elementor-icon-list--layout-traditional elementor-widget elementor-widget-icon-list\" data-id=\"2c31af92\" data-element_type=\"widget\" data-e-type=\"widget\" data-widget_type=\"icon-list.default\">\n\t\t\t\t<div class=\"elementor-widget-container\">\n\t\t\t\t\t\t\t<ul class=\"elementor-icon-list-items\">\n\t\t\t\t\t\t\t<li class=\"elementor-icon-list-item\">\n\t\t\t\t\t\t\t\t\t\t\t<a href=\"tel:%2059%2016%2035%2000\">\n\n\t\t\t\t\t\t\t\t\t\t\t\t<span class=\"elementor-icon-list-icon\">\n\t\t\t\t\t\t\t<i aria-hidden=\"true\" class=\"fas fa-phone-alt\"><\/i>\t\t\t\t\t\t<\/span>\n\t\t\t\t\t\t\t\t\t\t<span class=\"elementor-icon-list-text\">59 16 35 00<\/span>\n\t\t\t\t\t\t\t\t\t\t\t<\/a>\n\t\t\t\t\t\t\t\t\t<\/li>\n\t\t\t\t\t\t\t\t<li class=\"elementor-icon-list-item\">\n\t\t\t\t\t\t\t\t\t\t\t<a href=\"mailto:%20info@vossindustry.dk\">\n\n\t\t\t\t\t\t\t\t\t\t\t\t<span class=\"elementor-icon-list-icon\">\n\t\t\t\t\t\t\t<i aria-hidden=\"true\" class=\"fas fa-envelope\"><\/i>\t\t\t\t\t\t<\/span>\n\t\t\t\t\t\t\t\t\t\t<span class=\"elementor-icon-list-text\">info@vossindustry.dk<\/span>\n\t\t\t\t\t\t\t\t\t\t\t<\/a>\n\t\t\t\t\t\t\t\t\t<\/li>\n\t\t\t\t\t\t<\/ul>\n\t\t\t\t\t\t<\/div>\n\t\t\t\t<\/div>\n\t\t\t\t\t<\/div>\n\t\t<\/div>\n\t\t\t\t\t<\/div>\n\t\t<\/section>\n\t\t\t\t\t<\/div>\n\t\t<\/div>\n\t\t\t\t\t<\/div>\n\t\t<\/section>\n\t\t\t\t<section class=\"elementor-section elementor-top-section elementor-element elementor-element-4de5cd82 elementor-section-height-min-height elementor-section-boxed elementor-section-height-default elementor-section-items-middle\" data-id=\"4de5cd82\" data-element_type=\"section\" data-e-type=\"section\" data-settings=\"{&quot;background_background&quot;:&quot;classic&quot;}\">\n\t\t\t\t\t\t<div class=\"elementor-container elementor-column-gap-default\">\n\t\t\t\t\t<div class=\"elementor-column elementor-col-100 elementor-top-column elementor-element elementor-element-4efac2ba\" data-id=\"4efac2ba\" data-element_type=\"column\" data-e-type=\"column\">\n\t\t\t<div class=\"elementor-widget-wrap elementor-element-populated\">\n\t\t\t\t\t\t<section class=\"elementor-section elementor-inner-section elementor-element elementor-element-26e7e854 elementor-section-boxed elementor-section-height-default elementor-section-height-default\" data-id=\"26e7e854\" data-element_type=\"section\" data-e-type=\"section\">\n\t\t\t\t\t\t<div class=\"elementor-container elementor-column-gap-wider\">\n\t\t\t\t\t<div class=\"elementor-column elementor-col-50 elementor-inner-column elementor-element elementor-element-147c0755\" data-id=\"147c0755\" data-element_type=\"column\" data-e-type=\"column\">\n\t\t\t<div class=\"elementor-widget-wrap elementor-element-populated\">\n\t\t\t\t\t\t<div class=\"elementor-element elementor-element-606d5998 elementor-widget elementor-widget-image\" data-id=\"606d5998\" data-element_type=\"widget\" data-e-type=\"widget\" data-widget_type=\"image.default\">\n\t\t\t\t<div class=\"elementor-widget-container\">\n\t\t\t\t\t\t\t\t\t\t\t\t\t\t\t<img fetchpriority=\"high\" decoding=\"async\" width=\"800\" height=\"534\" src=\"https:\/\/vossindustry.dk\/wp-content\/uploads\/2023\/09\/3D-print-1024x683.jpg\" class=\"attachment-large size-large wp-image-951\" alt=\"Prototyping &amp; 3D Printing\" srcset=\"https:\/\/vossindustry.dk\/wp-content\/uploads\/2023\/09\/3D-print-1024x683.jpg 1024w, https:\/\/vossindustry.dk\/wp-content\/uploads\/2023\/09\/3D-print-300x200.jpg 300w, https:\/\/vossindustry.dk\/wp-content\/uploads\/2023\/09\/3D-print-768x513.jpg 768w, https:\/\/vossindustry.dk\/wp-content\/uploads\/2023\/09\/3D-print-1536x1025.jpg 1536w, https:\/\/vossindustry.dk\/wp-content\/uploads\/2023\/09\/3D-print-2048x1367.jpg 2048w\" sizes=\"(max-width: 800px) 100vw, 800px\" \/>\t\t\t\t\t\t\t\t\t\t\t\t\t\t\t<\/div>\n\t\t\t\t<\/div>\n\t\t\t\t\t<\/div>\n\t\t<\/div>\n\t\t\t\t<div class=\"elementor-column elementor-col-50 elementor-inner-column elementor-element elementor-element-524c2289\" data-id=\"524c2289\" data-element_type=\"column\" data-e-type=\"column\">\n\t\t\t<div class=\"elementor-widget-wrap elementor-element-populated\">\n\t\t\t\t\t\t<div class=\"elementor-element elementor-element-45ac416e elementor-widget elementor-widget-heading\" data-id=\"45ac416e\" data-element_type=\"widget\" data-e-type=\"widget\" data-widget_type=\"heading.default\">\n\t\t\t\t<div class=\"elementor-widget-container\">\n\t\t\t\t\t<h2 class=\"elementor-heading-title elementor-size-default\">Facts<\/h2>\t\t\t\t<\/div>\n\t\t\t\t<\/div>\n\t\t\t\t<div class=\"elementor-element elementor-element-52504478 elementor-widget elementor-widget-text-editor\" data-id=\"52504478\" data-element_type=\"widget\" data-e-type=\"widget\" data-widget_type=\"text-editor.default\">\n\t\t\t\t<div class=\"elementor-widget-container\">\n\t\t\t\t\t\t\t\t\t<p>Voss Industry can supply prototypes:<\/p><p><strong>Raw material<\/strong><\/p><ul><li>Metal<\/li><li>Plastic<\/li><\/ul><p><strong>Types of prototyping<\/strong><\/p><ul><li>3D printer (Makerbot \u2013 Replicator 2)<\/li><li>Springs<\/li><li>Clip<\/li><li>Metal casting<\/li><li>CNC turning parts<\/li><li>CNC milling parts<\/li><\/ul>\t\t\t\t\t\t\t\t<\/div>\n\t\t\t\t<\/div>\n\t\t\t\t<div class=\"elementor-element elementor-element-19bf960 elementor-widget elementor-widget-button\" data-id=\"19bf960\" data-element_type=\"widget\" data-e-type=\"widget\" data-widget_type=\"button.default\">\n\t\t\t\t<div class=\"elementor-widget-container\">\n\t\t\t\t\t\t\t\t\t<div class=\"elementor-button-wrapper\">\n\t\t\t\t\t<a class=\"elementor-button elementor-button-link elementor-size-sm\" href=\"https:\/\/vossindustry.dk\/en\/tilbud\/\">\n\t\t\t\t\t\t<span class=\"elementor-button-content-wrapper\">\n\t\t\t\t\t\t\t\t\t<span class=\"elementor-button-text\">Get an offer<\/span>\n\t\t\t\t\t<\/span>\n\t\t\t\t\t<\/a>\n\t\t\t\t<\/div>\n\t\t\t\t\t\t\t\t<\/div>\n\t\t\t\t<\/div>\n\t\t\t\t\t<\/div>\n\t\t<\/div>\n\t\t\t\t\t<\/div>\n\t\t<\/section>\n\t\t\t\t\t<\/div>\n\t\t<\/div>\n\t\t\t\t\t<\/div>\n\t\t<\/section>\n\t\t\t\t<\/div>","protected":false},"excerpt":{"rendered":"<p>Prototyping og 3D-print Prototyping og 3D-print L\u00e6s mere om os Voss har flere udvalgte partnere, der er eksperter inden for rapid prototyping. Vi har ogs\u00e5 vores egen 3D-printer, der kan printe i to materialer p\u00e5 samme tid med h\u00f8j n\u00f8jagtighed. Ydermere udf\u00f8rer vi lasersk\u00e6ring af forskellige materialer samt udf\u00f8rer manuel bukning af dele, der er [&hellip;]<\/p>\n","protected":false},"author":1,"featured_media":951,"parent":0,"menu_order":0,"comment_status":"closed","ping_status":"closed","template":"","meta":{"iawp_total_views":124,"footnotes":""},"class_list":["post-586","page","type-page","status-publish","has-post-thumbnail","hentry"],"yoast_head":"<!-- This site is optimized with the Yoast SEO plugin v27.4 - https:\/\/yoast.com\/product\/yoast-seo-wordpress\/ -->\n<title>Prototyping and 3D Printing - Voss Industry<\/title>\n<meta name=\"description\" content=\"We have our own 3D printer that can print in two materials at the same time with high accuracy.\" \/>\n<meta name=\"robots\" content=\"index, follow, max-snippet:-1, max-image-preview:large, max-video-preview:-1\" \/>\n<link rel=\"canonical\" href=\"https:\/\/vossindustry.dk\/en\/prototyping-and-3dprinting\/\" \/>\n<meta property=\"og:locale\" content=\"en_GB\" \/>\n<meta property=\"og:type\" content=\"article\" \/>\n<meta property=\"og:title\" content=\"Prototyping and 3D Printing - Voss Industry\" \/>\n<meta property=\"og:description\" content=\"We have our own 3D printer that can print in two materials at the same time with high accuracy.\" \/>\n<meta property=\"og:url\" content=\"https:\/\/vossindustry.dk\/en\/prototyping-and-3dprinting\/\" \/>\n<meta property=\"og:site_name\" content=\"Voss Industry\" \/>\n<meta property=\"article:modified_time\" content=\"2024-01-30T07:23:57+00:00\" \/>\n<meta property=\"og:image\" content=\"https:\/\/vossindustry.dk\/wp-content\/uploads\/2023\/09\/3D-print-scaled.jpg\" \/>\n\t<meta property=\"og:image:width\" content=\"2560\" \/>\n\t<meta property=\"og:image:height\" content=\"1708\" \/>\n\t<meta property=\"og:image:type\" content=\"image\/jpeg\" \/>\n<meta name=\"twitter:card\" content=\"summary_large_image\" \/>\n<meta name=\"twitter:label1\" content=\"Estimated reading time\" \/>\n\t<meta name=\"twitter:data1\" content=\"2 minutes\" \/>\n<script type=\"application\/ld+json\" class=\"yoast-schema-graph\">{\"@context\":\"https:\\\/\\\/schema.org\",\"@graph\":[{\"@type\":\"WebPage\",\"@id\":\"https:\\\/\\\/vossindustry.dk\\\/prototyping-and-3dprinting\\\/\",\"url\":\"https:\\\/\\\/vossindustry.dk\\\/prototyping-and-3dprinting\\\/\",\"name\":\"Prototyping and 3D Printing - Voss Industry\",\"isPartOf\":{\"@id\":\"https:\\\/\\\/vossindustry.dk\\\/#website\"},\"primaryImageOfPage\":{\"@id\":\"https:\\\/\\\/vossindustry.dk\\\/prototyping-and-3dprinting\\\/#primaryimage\"},\"image\":{\"@id\":\"https:\\\/\\\/vossindustry.dk\\\/prototyping-and-3dprinting\\\/#primaryimage\"},\"thumbnailUrl\":\"https:\\\/\\\/vossindustry.dk\\\/wp-content\\\/uploads\\\/2023\\\/09\\\/3D-print-scaled.jpg\",\"datePublished\":\"2022-12-06T07:30:22+00:00\",\"dateModified\":\"2024-01-30T07:23:57+00:00\",\"description\":\"We have our own 3D printer that can print in two materials at the same time with high accuracy.\",\"breadcrumb\":{\"@id\":\"https:\\\/\\\/vossindustry.dk\\\/prototyping-and-3dprinting\\\/#breadcrumb\"},\"inLanguage\":\"en-GB\",\"potentialAction\":[{\"@type\":\"ReadAction\",\"target\":[\"https:\\\/\\\/vossindustry.dk\\\/prototyping-and-3dprinting\\\/\"]}]},{\"@type\":\"ImageObject\",\"inLanguage\":\"en-GB\",\"@id\":\"https:\\\/\\\/vossindustry.dk\\\/prototyping-and-3dprinting\\\/#primaryimage\",\"url\":\"https:\\\/\\\/vossindustry.dk\\\/wp-content\\\/uploads\\\/2023\\\/09\\\/3D-print-scaled.jpg\",\"contentUrl\":\"https:\\\/\\\/vossindustry.dk\\\/wp-content\\\/uploads\\\/2023\\\/09\\\/3D-print-scaled.jpg\",\"width\":2560,\"height\":1708,\"caption\":\"Prototyping & 3D Printing\"},{\"@type\":\"BreadcrumbList\",\"@id\":\"https:\\\/\\\/vossindustry.dk\\\/prototyping-and-3dprinting\\\/#breadcrumb\",\"itemListElement\":[{\"@type\":\"ListItem\",\"position\":1,\"name\":\"Home\",\"item\":\"https:\\\/\\\/vossindustry.dk\\\/\"},{\"@type\":\"ListItem\",\"position\":2,\"name\":\"Prototyping and 3D Printing\"}]},{\"@type\":\"WebSite\",\"@id\":\"https:\\\/\\\/vossindustry.dk\\\/#website\",\"url\":\"https:\\\/\\\/vossindustry.dk\\\/\",\"name\":\"Voss Industry\",\"description\":\"Global sourcing &amp; value creation\",\"publisher\":{\"@id\":\"https:\\\/\\\/vossindustry.dk\\\/#organization\"},\"potentialAction\":[{\"@type\":\"SearchAction\",\"target\":{\"@type\":\"EntryPoint\",\"urlTemplate\":\"https:\\\/\\\/vossindustry.dk\\\/?s={search_term_string}\"},\"query-input\":{\"@type\":\"PropertyValueSpecification\",\"valueRequired\":true,\"valueName\":\"search_term_string\"}}],\"inLanguage\":\"en-GB\"},{\"@type\":\"Organization\",\"@id\":\"https:\\\/\\\/vossindustry.dk\\\/#organization\",\"name\":\"Voss Industry\",\"url\":\"https:\\\/\\\/vossindustry.dk\\\/\",\"logo\":{\"@type\":\"ImageObject\",\"inLanguage\":\"en-GB\",\"@id\":\"https:\\\/\\\/vossindustry.dk\\\/#\\\/schema\\\/logo\\\/image\\\/\",\"url\":\"https:\\\/\\\/vossindustry.dk\\\/wp-content\\\/uploads\\\/2022\\\/11\\\/VossLogoSVG-01.svg\",\"contentUrl\":\"https:\\\/\\\/vossindustry.dk\\\/wp-content\\\/uploads\\\/2022\\\/11\\\/VossLogoSVG-01.svg\",\"width\":365,\"height\":110,\"caption\":\"Voss Industry\"},\"image\":{\"@id\":\"https:\\\/\\\/vossindustry.dk\\\/#\\\/schema\\\/logo\\\/image\\\/\"}}]}<\/script>\n<!-- \/ Yoast SEO plugin. -->","yoast_head_json":{"title":"Prototyping and 3D Printing - Voss Industry","description":"We have our own 3D printer that can print in two materials at the same time with high accuracy.","robots":{"index":"index","follow":"follow","max-snippet":"max-snippet:-1","max-image-preview":"max-image-preview:large","max-video-preview":"max-video-preview:-1"},"canonical":"https:\/\/vossindustry.dk\/en\/prototyping-and-3dprinting\/","og_locale":"en_GB","og_type":"article","og_title":"Prototyping and 3D Printing - Voss Industry","og_description":"We have our own 3D printer that can print in two materials at the same time with high accuracy.","og_url":"https:\/\/vossindustry.dk\/en\/prototyping-and-3dprinting\/","og_site_name":"Voss Industry","article_modified_time":"2024-01-30T07:23:57+00:00","og_image":[{"width":2560,"height":1708,"url":"https:\/\/vossindustry.dk\/wp-content\/uploads\/2023\/09\/3D-print-scaled.jpg","type":"image\/jpeg"}],"twitter_card":"summary_large_image","twitter_misc":{"Estimated reading time":"2 minutes"},"schema":{"@context":"https:\/\/schema.org","@graph":[{"@type":"WebPage","@id":"https:\/\/vossindustry.dk\/prototyping-and-3dprinting\/","url":"https:\/\/vossindustry.dk\/prototyping-and-3dprinting\/","name":"Prototyping and 3D Printing - Voss Industry","isPartOf":{"@id":"https:\/\/vossindustry.dk\/#website"},"primaryImageOfPage":{"@id":"https:\/\/vossindustry.dk\/prototyping-and-3dprinting\/#primaryimage"},"image":{"@id":"https:\/\/vossindustry.dk\/prototyping-and-3dprinting\/#primaryimage"},"thumbnailUrl":"https:\/\/vossindustry.dk\/wp-content\/uploads\/2023\/09\/3D-print-scaled.jpg","datePublished":"2022-12-06T07:30:22+00:00","dateModified":"2024-01-30T07:23:57+00:00","description":"We have our own 3D printer that can print in two materials at the same time with high accuracy.","breadcrumb":{"@id":"https:\/\/vossindustry.dk\/prototyping-and-3dprinting\/#breadcrumb"},"inLanguage":"en-GB","potentialAction":[{"@type":"ReadAction","target":["https:\/\/vossindustry.dk\/prototyping-and-3dprinting\/"]}]},{"@type":"ImageObject","inLanguage":"en-GB","@id":"https:\/\/vossindustry.dk\/prototyping-and-3dprinting\/#primaryimage","url":"https:\/\/vossindustry.dk\/wp-content\/uploads\/2023\/09\/3D-print-scaled.jpg","contentUrl":"https:\/\/vossindustry.dk\/wp-content\/uploads\/2023\/09\/3D-print-scaled.jpg","width":2560,"height":1708,"caption":"Prototyping & 3D Printing"},{"@type":"BreadcrumbList","@id":"https:\/\/vossindustry.dk\/prototyping-and-3dprinting\/#breadcrumb","itemListElement":[{"@type":"ListItem","position":1,"name":"Home","item":"https:\/\/vossindustry.dk\/"},{"@type":"ListItem","position":2,"name":"Prototyping and 3D Printing"}]},{"@type":"WebSite","@id":"https:\/\/vossindustry.dk\/#website","url":"https:\/\/vossindustry.dk\/","name":"Voss Industry","description":"Global sourcing &amp; value creation","publisher":{"@id":"https:\/\/vossindustry.dk\/#organization"},"potentialAction":[{"@type":"SearchAction","target":{"@type":"EntryPoint","urlTemplate":"https:\/\/vossindustry.dk\/?s={search_term_string}"},"query-input":{"@type":"PropertyValueSpecification","valueRequired":true,"valueName":"search_term_string"}}],"inLanguage":"en-GB"},{"@type":"Organization","@id":"https:\/\/vossindustry.dk\/#organization","name":"Voss Industry","url":"https:\/\/vossindustry.dk\/","logo":{"@type":"ImageObject","inLanguage":"en-GB","@id":"https:\/\/vossindustry.dk\/#\/schema\/logo\/image\/","url":"https:\/\/vossindustry.dk\/wp-content\/uploads\/2022\/11\/VossLogoSVG-01.svg","contentUrl":"https:\/\/vossindustry.dk\/wp-content\/uploads\/2022\/11\/VossLogoSVG-01.svg","width":365,"height":110,"caption":"Voss Industry"},"image":{"@id":"https:\/\/vossindustry.dk\/#\/schema\/logo\/image\/"}}]}},"_links":{"self":[{"href":"https:\/\/vossindustry.dk\/en\/wp-json\/wp\/v2\/pages\/586","targetHints":{"allow":["GET"]}}],"collection":[{"href":"https:\/\/vossindustry.dk\/en\/wp-json\/wp\/v2\/pages"}],"about":[{"href":"https:\/\/vossindustry.dk\/en\/wp-json\/wp\/v2\/types\/page"}],"author":[{"embeddable":true,"href":"https:\/\/vossindustry.dk\/en\/wp-json\/wp\/v2\/users\/1"}],"replies":[{"embeddable":true,"href":"https:\/\/vossindustry.dk\/en\/wp-json\/wp\/v2\/comments?post=586"}],"version-history":[{"count":24,"href":"https:\/\/vossindustry.dk\/en\/wp-json\/wp\/v2\/pages\/586\/revisions"}],"predecessor-version":[{"id":1290,"href":"https:\/\/vossindustry.dk\/en\/wp-json\/wp\/v2\/pages\/586\/revisions\/1290"}],"wp:featuredmedia":[{"embeddable":true,"href":"https:\/\/vossindustry.dk\/en\/wp-json\/wp\/v2\/media\/951"}],"wp:attachment":[{"href":"https:\/\/vossindustry.dk\/en\/wp-json\/wp\/v2\/media?parent=586"}],"curies":[{"name":"wp","href":"https:\/\/api.w.org\/{rel}","templated":true}]}}